{"id":883,"date":"2024-06-30T15:02:22","date_gmt":"2024-06-30T15:02:22","guid":{"rendered":"https:\/\/macramebarcelona.com\/?page_id=883"},"modified":"2024-06-30T17:38:02","modified_gmt":"2024-06-30T17:38:02","slug":"privacidad","status":"publish","type":"page","link":"https:\/\/macramebarcelona.com\/en\/privacidad\/","title":{"rendered":"Privacy Policy"},"content":{"rendered":"<style>.elementor-883 .elementor-element.elementor-element-db8aaf7{--display:flex;--flex-direction:row;--container-widget-width:calc( ( 1 - var( --container-widget-flex-grow ) ) * 100% );--container-widget-height:100%;--container-widget-flex-grow:1;--container-widget-align-self:stretch;--flex-wrap-mobile:wrap;--justify-content:center;--align-items:center;--overlay-opacity:0.2;--padding-top:70px;--padding-bottom:70px;--padding-left:0px;--padding-right:0px;}.elementor-883 .elementor-element.elementor-element-db8aaf7:not(.elementor-motion-effects-element-type-background), .elementor-883 .elementor-element.elementor-element-db8aaf7 > .elementor-motion-effects-container > .elementor-motion-effects-layer{background-color:transparent;background-image:linear-gradient(200deg, var( --e-global-color-secondary ) 0%, var( --e-global-color-text ) 80%);}.elementor-883 .elementor-element.elementor-element-db8aaf7::before, .elementor-883 .elementor-element.elementor-element-db8aaf7 > .elementor-background-video-container::before, .elementor-883 .elementor-element.elementor-element-db8aaf7 > .e-con-inner > .elementor-background-video-container::before, .elementor-883 .elementor-element.elementor-element-db8aaf7 > .elementor-background-slideshow::before, .elementor-883 .elementor-element.elementor-element-db8aaf7 > .e-con-inner > .elementor-background-slideshow::before, .elementor-883 .elementor-element.elementor-element-db8aaf7 > .elementor-motion-effects-container > .elementor-motion-effects-layer::before{--background-overlay:'';}.elementor-883 .elementor-element.elementor-element-9c4cd6e{--display:flex;--justify-content:center;--align-items:flex-start;--container-widget-width:calc( ( 1 - var( --container-widget-flex-grow ) ) * 100% );}.elementor-883 .elementor-element.elementor-element-88553b9{text-align:start;width:var( --container-widget-width, 100% );max-width:100%;--container-widget-width:100%;--container-widget-flex-grow:0;}.elementor-883 .elementor-element.elementor-element-88553b9 .elementor-heading-title{font-family:var( --e-global-typography-4353ebc-font-family ), Sans-serif;font-size:var( --e-global-typography-4353ebc-font-size );font-weight:var( --e-global-typography-4353ebc-font-weight );text-transform:var( --e-global-typography-4353ebc-text-transform );line-height:var( --e-global-typography-4353ebc-line-height );letter-spacing:var( --e-global-typography-4353ebc-letter-spacing );word-spacing:var( --e-global-typography-4353ebc-word-spacing );color:var( --e-global-color-accent );}.elementor-883 .elementor-element.elementor-element-88553b9 > .elementor-widget-container{margin:0px 0px 0px 0px;padding:0px 0px 0px 0px;}.elementor-883 .elementor-element.elementor-element-c10ce58{--display:flex;}.elementor-883 .elementor-element.elementor-element-aef12c1 > .elementor-widget-container{margin:50px 0px 50px 0px;}@media(max-width:1024px){.elementor-883 .elementor-element.elementor-element-db8aaf7{--padding-top:50px;--padding-bottom:50px;--padding-left:20px;--padding-right:20px;}.elementor-883 .elementor-element.elementor-element-88553b9 .elementor-heading-title{font-size:var( --e-global-typography-4353ebc-font-size );line-height:var( --e-global-typography-4353ebc-line-height );letter-spacing:var( --e-global-typography-4353ebc-letter-spacing );word-spacing:var( --e-global-typography-4353ebc-word-spacing );}.elementor-883 .elementor-element.elementor-element-aef12c1 > .elementor-widget-container{margin:50px 20px 50px 20px;}}@media(max-width:767px){.elementor-883 .elementor-element.elementor-element-db8aaf7{--padding-top:50px;--padding-bottom:50px;--padding-left:20px;--padding-right:20px;}.elementor-883 .elementor-element.elementor-element-9c4cd6e{--align-items:center;--container-widget-width:calc( ( 1 - var( --container-widget-flex-grow ) ) * 100% );}.elementor-883 .elementor-element.elementor-element-88553b9{text-align:start;}.elementor-883 .elementor-element.elementor-element-88553b9 .elementor-heading-title{font-size:var( --e-global-typography-4353ebc-font-size );line-height:var( --e-global-typography-4353ebc-line-height );letter-spacing:var( --e-global-typography-4353ebc-letter-spacing );word-spacing:var( --e-global-typography-4353ebc-word-spacing );}}<\/style>\t\t<div data-elementor-type=\"wp-page\" data-elementor-id=\"883\" class=\"elementor elementor-883\" data-elementor-post-type=\"page\">\n\t\t\t\t<div class=\"elementor-element elementor-element-db8aaf7 e-flex e-con-boxed e-con e-parent\" data-id=\"db8aaf7\" data-element_type=\"container\" data-e-type=\"container\" data-settings=\"{&quot;background_background&quot;:&quot;gradient&quot;}\">\n\t\t\t\t\t<div class=\"e-con-inner\">\n\t\t<div class=\"elementor-element elementor-element-9c4cd6e e-flex e-con-boxed elementor-invisible e-con e-child\" data-id=\"9c4cd6e\" data-element_type=\"container\" data-e-type=\"container\" data-settings=\"{&quot;animation&quot;:&quot;fadeInUp&quot;,&quot;animation_delay&quot;:200}\">\n\t\t\t\t\t<div class=\"e-con-inner\">\n\t\t\t\t<div class=\"elementor-element elementor-element-88553b9 elementor-widget__width-initial elementor-widget elementor-widget-heading\" data-id=\"88553b9\" data-element_type=\"widget\" data-e-type=\"widget\" data-widget_type=\"heading.default\">\n\t\t\t\t<div class=\"elementor-widget-container\">\n\t\t\t\t\t<h1 class=\"elementor-heading-title elementor-size-default\">Privacy Policy<\/h1>\t\t\t\t<\/div>\n\t\t\t\t<\/div>\n\t\t\t\t\t<\/div>\n\t\t\t\t<\/div>\n\t\t\t\t\t<\/div>\n\t\t\t\t<\/div>\n\t\t<div class=\"elementor-element elementor-element-c10ce58 e-flex e-con-boxed e-con e-parent\" data-id=\"c10ce58\" data-element_type=\"container\" data-e-type=\"container\">\n\t\t\t\t\t<div class=\"e-con-inner\">\n\t\t\t\t<div class=\"elementor-element elementor-element-aef12c1 elementor-widget elementor-widget-text-editor\" data-id=\"aef12c1\" data-element_type=\"widget\" data-e-type=\"widget\" data-widget_type=\"text-editor.default\">\n\t\t\t\t<div class=\"elementor-widget-container\">\n\t\t\t\t\t\t\t\t\t<h2 class=\"wp-block-heading\">1.- INFORMATION TO THE USER<\/h2><p>The website informs website users about its policy regarding the treatment and protection of personal data of users and clients that may be requested by browsing through its website. The website is responsible for the processing of the user&#039;s personal data, so the following information is provided regarding the processing of your data:\u00a0<strong>Data retention criteria<\/strong>\u00a0: The personal data provided will be kept until suspension is requested by the interested party, exercising their rights over the data, and in any case in compliance with applicable legal statutes of limitations.\u00a0<strong>Rights of interested parties<\/strong>\u00a0:<\/p><ul><li>Right to withdraw your consent at any time.<\/li><li>Right of access, rectification, deletion, portability of your data and the limitation or opposition of its processing, as well as not being subject to automated individual decisions.<\/li><\/ul><p><strong>Contact information to exercise your rights<\/strong> : The right to exercise must be properly identified and clearly requested.<\/p><ul><li>Name: CATHY DUPRE<\/li><li>Address:ENTENSA N10 PRINCIPAL 2<strong><br \/>CP and Population:\u00a0<\/strong>08015 Barcelona<strong>\u00a0<\/strong>(Barcelona)<\/li><li>Telephone: 618064532<\/li><li>Email: <a href=\"mailto:cathyfotografia@gmail.com\">cathyfotografia@gmail.com<\/a><\/li><\/ul><h2 class=\"wp-block-heading\">2.- INFORMATION PROVIDED BY THE USER<\/h2><p>If you are under 18 years of age, the use of forms on our website is not permitted.<\/p><p>Users, by entering their data in the contact forms or presented in download forms, expressly and freely and unequivocally accept that their data is necessary to respond to their request, by the Controller, the inclusion of data in the data being voluntary. remaining fields.<\/p><p>The User guarantees that the personal data provided is true and is responsible for communicating any modification.<\/p><p>All data requested through the website is necessary to provide optimal service to the User. If all the data is not provided, it is not guaranteed that the information and services that the Controller provides you are completely adjusted to your needs.<\/p><h2 class=\"wp-block-heading\">3.- SECURITY MEASURES<\/h2><p>That in accordance with the provisions of current regulations regarding the protection of personal data, the Controller is complying with all the provisions of the RGPD and LOPD regulations for the processing of personal data under its responsibility, which are processed lawfully. , loyal and transparent in relation to the interested party and adequate, relevant and limited to what is necessary in relation to the purposes for which they are processed.<\/p><p>The Controller guarantees that it has implemented appropriate technical and organizational policies to apply the security measures established by the RGPD and the LOPD to protect the rights and freedoms of Users and has communicated appropriate information to them so that they can exercise them.<\/p><h2 class=\"wp-block-heading\">4.- SECURITY GAPS<\/h2><p>The Controller will report any security breach that affects the database used by this website, or that affects any of our third-party services, each and every person, data that may have been affected, and authorities, within 72 hours of detecting the breach.<\/p><h2 class=\"wp-block-heading\">APPLICABLE LAW AND JURISDICTION<\/h2><p>For the resolution of all disputes or issues related to this website or the activities carried out, Spanish legislation will apply, to which the parties expressly submit, being competent to resolve all conflicts arising or related to the use of the Courts and Tribunals of Barcelona.<\/p>\t\t\t\t\t\t\t\t<\/div>\n\t\t\t\t<\/div>\n\t\t\t\t\t<\/div>\n\t\t\t\t<\/div>\n\t\t\t\t<\/div>","protected":false},"excerpt":{"rendered":"<p>1.- INFORMACI\u00d3N AL USUARIO El sitio web informa a los usuarios del sitio web sobre su pol\u00edtica respecto al tratamiento y protecci\u00f3n de los datos de car\u00e1cter personal de los usuarios y clientes que puedan ser solicitados por la navegaci\u00f3n a trav\u00e9s de su sitio web. El sitio web es el Responsable del tratamiento de [&hellip;]<\/p>\n","protected":false},"author":1,"featured_media":0,"parent":0,"menu_order":0,"comment_status":"closed","ping_status":"closed","template":"","meta":{"footnotes":""},"class_list":["post-883","page","type-page","status-publish","hentry"],"_links":{"self":[{"href":"https:\/\/macramebarcelona.com\/en\/wp-json\/wp\/v2\/pages\/883","targetHints":{"allow":["GET"]}}],"collection":[{"href":"https:\/\/macramebarcelona.com\/en\/wp-json\/wp\/v2\/pages"}],"about":[{"href":"https:\/\/macramebarcelona.com\/en\/wp-json\/wp\/v2\/types\/page"}],"author":[{"embeddable":true,"href":"https:\/\/macramebarcelona.com\/en\/wp-json\/wp\/v2\/users\/1"}],"replies":[{"embeddable":true,"href":"https:\/\/macramebarcelona.com\/en\/wp-json\/wp\/v2\/comments?post=883"}],"version-history":[{"count":10,"href":"https:\/\/macramebarcelona.com\/en\/wp-json\/wp\/v2\/pages\/883\/revisions"}],"predecessor-version":[{"id":921,"href":"https:\/\/macramebarcelona.com\/en\/wp-json\/wp\/v2\/pages\/883\/revisions\/921"}],"wp:attachment":[{"href":"https:\/\/macramebarcelona.com\/en\/wp-json\/wp\/v2\/media?parent=883"}],"curies":[{"name":"wp","href":"https:\/\/api.w.org\/{rel}","templated":true}]}}