{"id":570,"date":"2024-06-26T16:32:14","date_gmt":"2024-06-26T16:32:14","guid":{"rendered":"https:\/\/macramebarcelona.com\/?page_id=570"},"modified":"2024-07-05T06:28:30","modified_gmt":"2024-07-05T06:28:30","slug":"contacto","status":"publish","type":"page","link":"https:\/\/macramebarcelona.com\/fr\/contacto\/","title":{"rendered":"Contact"},"content":{"rendered":"<style>.elementor-570 .elementor-element.elementor-element-d3ba6e2{--display:flex;--flex-direction:row;--container-widget-width:calc( ( 1 - var( --container-widget-flex-grow ) ) * 100% );--container-widget-height:100%;--container-widget-flex-grow:1;--container-widget-align-self:stretch;--flex-wrap-mobile:wrap;--justify-content:center;--align-items:center;--overlay-opacity:0.2;--padding-top:200px;--padding-bottom:70px;--padding-left:0px;--padding-right:0px;}.elementor-570 .elementor-element.elementor-element-d3ba6e2:not(.elementor-motion-effects-element-type-background), .elementor-570 .elementor-element.elementor-element-d3ba6e2 > .elementor-motion-effects-container > .elementor-motion-effects-layer{background-color:transparent;background-image:linear-gradient(200deg, var( --e-global-color-secondary ) 0%, var( --e-global-color-text ) 80%);}.elementor-570 .elementor-element.elementor-element-d3ba6e2::before, .elementor-570 .elementor-element.elementor-element-d3ba6e2 > .elementor-background-video-container::before, .elementor-570 .elementor-element.elementor-element-d3ba6e2 > .e-con-inner > .elementor-background-video-container::before, .elementor-570 .elementor-element.elementor-element-d3ba6e2 > .elementor-background-slideshow::before, .elementor-570 .elementor-element.elementor-element-d3ba6e2 > .e-con-inner > .elementor-background-slideshow::before, .elementor-570 .elementor-element.elementor-element-d3ba6e2 > .elementor-motion-effects-container > .elementor-motion-effects-layer::before{--background-overlay:'';}.elementor-570 .elementor-element.elementor-element-04b48c2{--display:flex;--justify-content:center;--align-items:flex-start;--container-widget-width:calc( ( 1 - var( --container-widget-flex-grow ) ) * 100% );}.elementor-570 .elementor-element.elementor-element-d2bf300{text-align:start;}.elementor-570 .elementor-element.elementor-element-d2bf300 .elementor-heading-title{font-family:var( --e-global-typography-4353ebc-font-family ), Sans-serif;font-size:var( --e-global-typography-4353ebc-font-size );font-weight:var( --e-global-typography-4353ebc-font-weight );text-transform:var( --e-global-typography-4353ebc-text-transform );line-height:var( --e-global-typography-4353ebc-line-height );letter-spacing:var( --e-global-typography-4353ebc-letter-spacing );word-spacing:var( --e-global-typography-4353ebc-word-spacing );color:var( --e-global-color-accent );}.elementor-570 .elementor-element.elementor-element-0be5a1b{--display:flex;--flex-direction:row;--container-widget-width:calc( ( 1 - var( --container-widget-flex-grow ) ) * 100% );--container-widget-height:100%;--container-widget-flex-grow:1;--container-widget-align-self:stretch;--flex-wrap-mobile:wrap;--justify-content:flex-end;--align-items:center;--gap:10px 10px;--row-gap:10px;--column-gap:10px;}.elementor-570 .elementor-element.elementor-element-3814c1c{text-align:center;}.elementor-570 .elementor-element.elementor-element-3814c1c .elementor-heading-title{font-family:\"DM Sans\", Sans-serif;font-size:14px;font-weight:400;text-transform:uppercase;line-height:24px;letter-spacing:0.1px;color:var( --e-global-color-accent );}.elementor-570 .elementor-element.elementor-element-2edbc83{text-align:center;}.elementor-570 .elementor-element.elementor-element-2edbc83 .elementor-heading-title{font-family:var( --e-global-typography-secondary-font-family ), Sans-serif;font-size:var( --e-global-typography-secondary-font-size );font-weight:var( --e-global-typography-secondary-font-weight );line-height:var( --e-global-typography-secondary-line-height );letter-spacing:var( --e-global-typography-secondary-letter-spacing );color:var( --e-global-color-primary );}.elementor-570 .elementor-element.elementor-element-2edbc83 > .elementor-widget-container{margin:-5px 0px 0px 0px;}.elementor-570 .elementor-element.elementor-element-f4c553c{text-align:center;}.elementor-570 .elementor-element.elementor-element-f4c553c .elementor-heading-title{font-family:\"DM Sans\", Sans-serif;font-size:14px;font-weight:400;text-transform:uppercase;line-height:24px;letter-spacing:0.1px;color:var( --e-global-color-accent );}.elementor-570 .elementor-element.elementor-element-a0708a1{--display:flex;--flex-direction:row;--container-widget-width:initial;--container-widget-height:100%;--container-widget-flex-grow:1;--container-widget-align-self:stretch;--flex-wrap-mobile:wrap;--gap:20px 20px;--row-gap:20px;--column-gap:20px;--padding-top:100px;--padding-bottom:100px;--padding-left:0px;--padding-right:0px;}.elementor-570 .elementor-element.elementor-element-a816e1a{--display:flex;--flex-direction:row;--container-widget-width:initial;--container-widget-height:100%;--container-widget-flex-grow:1;--container-widget-align-self:stretch;--flex-wrap-mobile:wrap;}.elementor-570 .elementor-element.elementor-element-8d98df0{--display:flex;}.elementor-570 .elementor-element.elementor-element-c4acdfc img{height:450px;object-fit:cover;object-position:center center;border-radius:25px 25px 25px 25px;}.elementor-570 .elementor-element.elementor-element-41c8e41{--display:flex;--margin-top:50px;--margin-bottom:0px;--margin-left:0px;--margin-right:0px;}.elementor-570 .elementor-element.elementor-element-bc3c0a7 img{height:450px;object-fit:cover;object-position:center center;border-radius:25px 25px 25px 25px;}.elementor-570 .elementor-element.elementor-element-78024f0{--display:flex;--flex-direction:column;--container-widget-width:100%;--container-widget-height:initial;--container-widget-flex-grow:0;--container-widget-align-self:initial;--flex-wrap-mobile:wrap;--justify-content:center;--margin-top:0px;--margin-bottom:0px;--margin-left:50px;--margin-right:0px;}.elementor-570 .elementor-element.elementor-element-a6ea9a0 .elementor-heading-title{font-family:var( --e-global-typography-d4f69a8-font-family ), Sans-serif;font-size:var( --e-global-typography-d4f69a8-font-size );font-weight:var( --e-global-typography-d4f69a8-font-weight );text-transform:var( --e-global-typography-d4f69a8-text-transform );line-height:var( --e-global-typography-d4f69a8-line-height );letter-spacing:var( --e-global-typography-d4f69a8-letter-spacing );word-spacing:var( --e-global-typography-d4f69a8-word-spacing );color:var( --e-global-color-accent );}.elementor-570 .elementor-element.elementor-element-fb70550 .elementor-heading-title{font-family:var( --e-global-typography-text-font-family ), Sans-serif;font-size:var( --e-global-typography-text-font-size );font-weight:var( --e-global-typography-text-font-weight );line-height:var( --e-global-typography-text-line-height );letter-spacing:var( --e-global-typography-text-letter-spacing );color:var( --e-global-color-accent );}.elementor-570 .elementor-element.elementor-element-fb70550 > .elementor-widget-container{margin:0px 0px 0px 0px;padding:0px 0px 0px 0px;border-style:none;}.elementor-570 .elementor-element.elementor-element-ed2b236 .elementor-heading-title{font-family:\"DM Sans\", Sans-serif;font-size:16px;font-weight:400;text-transform:none;line-height:26px;letter-spacing:0.5px;color:var( --e-global-color-primary );}.elementor-570 .elementor-element.elementor-element-717368c .elementor-heading-title{font-family:\"DM Sans\", Sans-serif;font-size:16px;font-weight:400;text-transform:none;line-height:26px;letter-spacing:0.5px;color:var( --e-global-color-primary );}.elementor-570 .elementor-element.elementor-element-717368c > .elementor-widget-container{margin:-16px 0px 0px 0px;}.elementor-570 .elementor-element.elementor-element-24fa57e{--grid-template-columns:repeat(0, auto);--grid-column-gap:21px;--grid-row-gap:0px;}.elementor-570 .elementor-element.elementor-element-24fa57e .elementor-widget-container{text-align:left;}.elementor-570 .elementor-element.elementor-element-24fa57e .elementor-social-icon{background-color:var( --e-global-color-9947692 );--icon-padding:0em;}.elementor-570 .elementor-element.elementor-element-24fa57e .elementor-social-icon i{color:var( --e-global-color-accent );}.elementor-570 .elementor-element.elementor-element-24fa57e .elementor-social-icon svg{fill:var( --e-global-color-accent );}.elementor-570 .elementor-element.elementor-element-24fa57e .elementor-social-icon:hover i{color:var( --e-global-color-primary );}.elementor-570 .elementor-element.elementor-element-24fa57e .elementor-social-icon:hover svg{fill:var( --e-global-color-primary );}@media(min-width:768px){.elementor-570 .elementor-element.elementor-element-a816e1a{--width:50%;}.elementor-570 .elementor-element.elementor-element-78024f0{--width:50%;}}@media(max-width:1024px){.elementor-570 .elementor-element.elementor-element-d3ba6e2{--padding-top:150px;--padding-bottom:50px;--padding-left:20px;--padding-right:20px;}.elementor-570 .elementor-element.elementor-element-d2bf300 .elementor-heading-title{font-size:var( --e-global-typography-4353ebc-font-size );line-height:var( --e-global-typography-4353ebc-line-height );letter-spacing:var( --e-global-typography-4353ebc-letter-spacing );word-spacing:var( --e-global-typography-4353ebc-word-spacing );}.elementor-570 .elementor-element.elementor-element-2edbc83 .elementor-heading-title{font-size:var( --e-global-typography-secondary-font-size );line-height:var( --e-global-typography-secondary-line-height );letter-spacing:var( --e-global-typography-secondary-letter-spacing );}.elementor-570 .elementor-element.elementor-element-a0708a1{--padding-top:50px;--padding-bottom:50px;--padding-left:20px;--padding-right:20px;}.elementor-570 .elementor-element.elementor-element-a816e1a{--flex-direction:row;--container-widget-width:initial;--container-widget-height:100%;--container-widget-flex-grow:1;--container-widget-align-self:stretch;--flex-wrap-mobile:wrap;}.elementor-570 .elementor-element.elementor-element-a6ea9a0 .elementor-heading-title{font-size:var( --e-global-typography-d4f69a8-font-size );line-height:var( --e-global-typography-d4f69a8-line-height );letter-spacing:var( --e-global-typography-d4f69a8-letter-spacing );word-spacing:var( --e-global-typography-d4f69a8-word-spacing );}.elementor-570 .elementor-element.elementor-element-fb70550 .elementor-heading-title{font-size:var( --e-global-typography-text-font-size );line-height:var( --e-global-typography-text-line-height );letter-spacing:var( --e-global-typography-text-letter-spacing );}.elementor-570 .elementor-element.elementor-element-fb70550 > .elementor-widget-container{margin:0px 0px 0px 0px;}}@media(max-width:767px){.elementor-570 .elementor-element.elementor-element-d3ba6e2{--padding-top:50px;--padding-bottom:50px;--padding-left:20px;--padding-right:20px;}.elementor-570 .elementor-element.elementor-element-04b48c2{--align-items:center;--container-widget-width:calc( ( 1 - var( --container-widget-flex-grow ) ) * 100% );}.elementor-570 .elementor-element.elementor-element-d2bf300{text-align:center;}.elementor-570 .elementor-element.elementor-element-d2bf300 .elementor-heading-title{font-size:var( --e-global-typography-4353ebc-font-size );line-height:var( --e-global-typography-4353ebc-line-height );letter-spacing:var( --e-global-typography-4353ebc-letter-spacing );word-spacing:var( --e-global-typography-4353ebc-word-spacing );}.elementor-570 .elementor-element.elementor-element-0be5a1b{--justify-content:center;}.elementor-570 .elementor-element.elementor-element-2edbc83 .elementor-heading-title{font-size:var( --e-global-typography-secondary-font-size );line-height:var( --e-global-typography-secondary-line-height );letter-spacing:var( --e-global-typography-secondary-letter-spacing );}.elementor-570 .elementor-element.elementor-element-41c8e41{--margin-top:20px;--margin-bottom:0px;--margin-left:0px;--margin-right:0px;}.elementor-570 .elementor-element.elementor-element-78024f0{--align-items:center;--container-widget-width:calc( ( 1 - var( --container-widget-flex-grow ) ) * 100% );--margin-top:20px;--margin-bottom:0px;--margin-left:0px;--margin-right:0px;}.elementor-570 .elementor-element.elementor-element-a6ea9a0{text-align:center;}.elementor-570 .elementor-element.elementor-element-a6ea9a0 .elementor-heading-title{font-size:var( --e-global-typography-d4f69a8-font-size );line-height:var( --e-global-typography-d4f69a8-line-height );letter-spacing:var( --e-global-typography-d4f69a8-letter-spacing );word-spacing:var( --e-global-typography-d4f69a8-word-spacing );}.elementor-570 .elementor-element.elementor-element-fb70550{text-align:center;}.elementor-570 .elementor-element.elementor-element-fb70550 .elementor-heading-title{font-size:var( --e-global-typography-text-font-size );line-height:var( --e-global-typography-text-line-height );letter-spacing:var( --e-global-typography-text-letter-spacing );}.elementor-570 .elementor-element.elementor-element-ed2b236{text-align:center;}.elementor-570 .elementor-element.elementor-element-717368c{text-align:center;}}<\/style>\t\t<div data-elementor-type=\"wp-page\" data-elementor-id=\"570\" class=\"elementor elementor-570\" data-elementor-post-type=\"page\">\n\t\t\t\t<div class=\"elementor-element elementor-element-d3ba6e2 e-flex e-con-boxed e-con e-parent\" data-id=\"d3ba6e2\" data-element_type=\"container\" data-e-type=\"container\" data-settings=\"{&quot;background_background&quot;:&quot;gradient&quot;}\">\n\t\t\t\t\t<div class=\"e-con-inner\">\n\t\t<div class=\"elementor-element elementor-element-04b48c2 e-flex e-con-boxed elementor-invisible e-con e-child\" data-id=\"04b48c2\" data-element_type=\"container\" data-e-type=\"container\" data-settings=\"{&quot;animation&quot;:&quot;fadeInUp&quot;,&quot;animation_delay&quot;:200}\">\n\t\t\t\t\t<div class=\"e-con-inner\">\n\t\t\t\t<div class=\"elementor-element elementor-element-d2bf300 elementor-widget elementor-widget-heading\" data-id=\"d2bf300\" data-element_type=\"widget\" data-e-type=\"widget\" data-widget_type=\"heading.default\">\n\t\t\t\t<div class=\"elementor-widget-container\">\n\t\t\t\t\t<div class=\"elementor-heading-title elementor-size-default\">Contact<\/div>\t\t\t\t<\/div>\n\t\t\t\t<\/div>\n\t\t\t\t\t<\/div>\n\t\t\t\t<\/div>\n\t\t<div class=\"elementor-element elementor-element-0be5a1b e-flex e-con-boxed elementor-invisible e-con e-child\" data-id=\"0be5a1b\" data-element_type=\"container\" data-e-type=\"container\" data-settings=\"{&quot;animation&quot;:&quot;fadeInUp&quot;,&quot;animation_delay&quot;:100}\">\n\t\t\t\t\t<div class=\"e-con-inner\">\n\t\t\t\t<div class=\"elementor-element elementor-element-3814c1c elementor-widget elementor-widget-heading\" data-id=\"3814c1c\" data-element_type=\"widget\" data-e-type=\"widget\" data-widget_type=\"heading.default\">\n\t\t\t\t<div class=\"elementor-widget-container\">\n\t\t\t\t\t<h2 class=\"elementor-heading-title elementor-size-default\"><a href=\"https:\/\/macramebarcelona.com\/fr\">D\u00e9but<\/a><\/h2>\t\t\t\t<\/div>\n\t\t\t\t<\/div>\n\t\t\t\t<div class=\"elementor-element elementor-element-2edbc83 elementor-widget elementor-widget-heading\" data-id=\"2edbc83\" data-element_type=\"widget\" data-e-type=\"widget\" data-widget_type=\"heading.default\">\n\t\t\t\t<div class=\"elementor-widget-container\">\n\t\t\t\t\t<div class=\"elementor-heading-title elementor-size-default\">&gt;<\/div>\t\t\t\t<\/div>\n\t\t\t\t<\/div>\n\t\t\t\t<div class=\"elementor-element elementor-element-f4c553c elementor-widget elementor-widget-heading\" data-id=\"f4c553c\" data-element_type=\"widget\" data-e-type=\"widget\" data-widget_type=\"heading.default\">\n\t\t\t\t<div class=\"elementor-widget-container\">\n\t\t\t\t\t<h2 class=\"elementor-heading-title elementor-size-default\"><a href=\"#\">Contact<\/a><\/h2>\t\t\t\t<\/div>\n\t\t\t\t<\/div>\n\t\t\t\t\t<\/div>\n\t\t\t\t<\/div>\n\t\t\t\t\t<\/div>\n\t\t\t\t<\/div>\n\t\t<div class=\"elementor-element elementor-element-a0708a1 e-flex e-con-boxed e-con e-parent\" data-id=\"a0708a1\" data-element_type=\"container\" data-e-type=\"container\">\n\t\t\t\t\t<div class=\"e-con-inner\">\n\t\t<div class=\"elementor-element elementor-element-a816e1a e-con-full e-flex elementor-invisible e-con e-child\" data-id=\"a816e1a\" data-element_type=\"container\" data-e-type=\"container\" data-settings=\"{&quot;animation&quot;:&quot;fadeInUp&quot;,&quot;animation_delay&quot;:100}\">\n\t\t<div class=\"elementor-element elementor-element-8d98df0 e-flex e-con-boxed e-con e-child\" data-id=\"8d98df0\" data-element_type=\"container\" data-e-type=\"container\">\n\t\t\t\t\t<div class=\"e-con-inner\">\n\t\t\t\t<div class=\"elementor-element elementor-element-c4acdfc elementor-widget elementor-widget-image\" data-id=\"c4acdfc\" data-element_type=\"widget\" data-e-type=\"widget\" data-widget_type=\"image.default\">\n\t\t\t\t<div class=\"elementor-widget-container\">\n\t\t\t\t\t\t\t\t\t\t\t\t\t\t\t<img fetchpriority=\"high\" decoding=\"async\" width=\"576\" height=\"1024\" src=\"https:\/\/macramebarcelona.com\/wp-content\/uploads\/2024\/07\/MacrameBarcelona-56-2.jpg\" class=\"attachment-full size-full wp-image-1142\" alt=\"\" srcset=\"https:\/\/macramebarcelona.com\/wp-content\/uploads\/2024\/07\/MacrameBarcelona-56-2.jpg 576w, https:\/\/macramebarcelona.com\/wp-content\/uploads\/2024\/07\/MacrameBarcelona-56-2-169x300.jpg 169w\" sizes=\"(max-width: 576px) 100vw, 576px\" title=\"\">\t\t\t\t\t\t\t\t\t\t\t\t\t\t\t<\/div>\n\t\t\t\t<\/div>\n\t\t\t\t\t<\/div>\n\t\t\t\t<\/div>\n\t\t<div class=\"elementor-element elementor-element-41c8e41 e-flex e-con-boxed e-con e-child\" data-id=\"41c8e41\" data-element_type=\"container\" data-e-type=\"container\">\n\t\t\t\t\t<div class=\"e-con-inner\">\n\t\t\t\t<div class=\"elementor-element elementor-element-bc3c0a7 elementor-widget elementor-widget-image\" data-id=\"bc3c0a7\" data-element_type=\"widget\" data-e-type=\"widget\" data-widget_type=\"image.default\">\n\t\t\t\t<div class=\"elementor-widget-container\">\n\t\t\t\t\t\t\t\t\t\t\t\t\t\t\t<img decoding=\"async\" width=\"1366\" height=\"2048\" src=\"https:\/\/macramebarcelona.com\/wp-content\/uploads\/2024\/07\/MacrameBarcelona-2.jpg\" class=\"attachment-full size-full wp-image-1093\" alt=\"\" srcset=\"https:\/\/macramebarcelona.com\/wp-content\/uploads\/2024\/07\/MacrameBarcelona-2.jpg 1366w, https:\/\/macramebarcelona.com\/wp-content\/uploads\/2024\/07\/MacrameBarcelona-2-200x300.jpg 200w, https:\/\/macramebarcelona.com\/wp-content\/uploads\/2024\/07\/MacrameBarcelona-2-683x1024.jpg 683w, https:\/\/macramebarcelona.com\/wp-content\/uploads\/2024\/07\/MacrameBarcelona-2-768x1151.jpg 768w, https:\/\/macramebarcelona.com\/wp-content\/uploads\/2024\/07\/MacrameBarcelona-2-1025x1536.jpg 1025w\" sizes=\"(max-width: 1366px) 100vw, 1366px\" title=\"\">\t\t\t\t\t\t\t\t\t\t\t\t\t\t\t<\/div>\n\t\t\t\t<\/div>\n\t\t\t\t\t<\/div>\n\t\t\t\t<\/div>\n\t\t\t\t<\/div>\n\t\t<div class=\"elementor-element elementor-element-78024f0 e-con-full e-flex elementor-invisible e-con e-child\" data-id=\"78024f0\" data-element_type=\"container\" data-e-type=\"container\" data-settings=\"{&quot;animation&quot;:&quot;fadeInUp&quot;,&quot;animation_delay&quot;:200}\">\n\t\t\t\t<div class=\"elementor-element elementor-element-a6ea9a0 elementor-widget elementor-widget-heading\" data-id=\"a6ea9a0\" data-element_type=\"widget\" data-e-type=\"widget\" data-widget_type=\"heading.default\">\n\t\t\t\t<div class=\"elementor-widget-container\">\n\t\t\t\t\t<h5 class=\"elementor-heading-title elementor-size-default\">J&#039;aimerais avoir de vos nouvelles\u00a0!<\/h5>\t\t\t\t<\/div>\n\t\t\t\t<\/div>\n\t\t\t\t<div class=\"elementor-element elementor-element-fb70550 elementor-widget elementor-widget-heading\" data-id=\"fb70550\" data-element_type=\"widget\" data-e-type=\"widget\" data-widget_type=\"heading.default\">\n\t\t\t\t<div class=\"elementor-widget-container\">\n\t\t\t\t\t<p class=\"elementor-heading-title elementor-size-default\">Si vous avez des questions, des requ\u00eates ou des commentaires sur les produits, les ateliers, ou si vous souhaitez collaborer avec moi sur un projet, n&#039;h\u00e9sitez pas \u00e0 nous contacter. Suivez-moi sur les r\u00e9seaux sociaux pour rester inform\u00e9 de tout !<\/p>\t\t\t\t<\/div>\n\t\t\t\t<\/div>\n\t\t\t\t<div class=\"elementor-element elementor-element-ed2b236 elementor-widget elementor-widget-heading\" data-id=\"ed2b236\" data-element_type=\"widget\" data-e-type=\"widget\" data-widget_type=\"heading.default\">\n\t\t\t\t<div class=\"elementor-widget-container\">\n\t\t\t\t\t<h5 class=\"elementor-heading-title elementor-size-default\"><a href=\"mailto:%20info@macramebarcelona.com\">info@macramebarcelona.com<\/a><\/h5>\t\t\t\t<\/div>\n\t\t\t\t<\/div>\n\t\t\t\t<div class=\"elementor-element elementor-element-717368c elementor-widget elementor-widget-heading\" data-id=\"717368c\" data-element_type=\"widget\" data-e-type=\"widget\" data-widget_type=\"heading.default\">\n\t\t\t\t<div class=\"elementor-widget-container\">\n\t\t\t\t\t<h5 class=\"elementor-heading-title elementor-size-default\"><a href=\"tel:%20618064532\">618 06 45 32<\/a><\/h5>\t\t\t\t<\/div>\n\t\t\t\t<\/div>\n\t\t\t\t<div class=\"elementor-element elementor-element-24fa57e e-grid-align-left elementor-shape-rounded elementor-grid-0 elementor-widget elementor-widget-social-icons\" data-id=\"24fa57e\" data-element_type=\"widget\" data-e-type=\"widget\" data-widget_type=\"social-icons.default\">\n\t\t\t\t<div class=\"elementor-widget-container\">\n\t\t\t\t\t\t\t<div class=\"elementor-social-icons-wrapper elementor-grid\" role=\"list\">\n\t\t\t\t\t\t\t<span class=\"elementor-grid-item\" role=\"listitem\">\n\t\t\t\t\t<a class=\"elementor-icon elementor-social-icon elementor-social-icon-instagram elementor-repeater-item-3fd6de6\" href=\"https:\/\/www.instagram.com\/macramebarcelona\/\" target=\"_blank\" rel=\"nofollow noopener\">\n\t\t\t\t\t\t<span class=\"elementor-screen-only\">Instagram<\/span>\n\t\t\t\t\t\t<svg aria-hidden=\"true\" class=\"e-font-icon-svg e-fab-instagram\" viewbox=\"0 0 448 512\" xmlns=\"http:\/\/www.w3.org\/2000\/svg\"><path d=\"M224.1 141c-63.6 0-114.9 51.3-114.9 114.9s51.3 114.9 114.9 114.9S339 319.5 339 255.9 287.7 141 224.1 141zm0 189.6c-41.1 0-74.7-33.5-74.7-74.7s33.5-74.7 74.7-74.7 74.7 33.5 74.7 74.7-33.6 74.7-74.7 74.7zm146.4-194.3c0 14.9-12 26.8-26.8 26.8-14.9 0-26.8-12-26.8-26.8s12-26.8 26.8-26.8 26.8 12 26.8 26.8zm76.1 27.2c-1.7-35.9-9.9-67.7-36.2-93.9-26.2-26.2-58-34.4-93.9-36.2-37-2.1-147.9-2.1-184.9 0-35.8 1.7-67.6 9.9-93.9 36.1s-34.4 58-36.2 93.9c-2.1 37-2.1 147.9 0 184.9 1.7 35.9 9.9 67.7 36.2 93.9s58 34.4 93.9 36.2c37 2.1 147.9 2.1 184.9 0 35.9-1.7 67.7-9.9 93.9-36.2 26.2-26.2 34.4-58 36.2-93.9 2.1-37 2.1-147.8 0-184.8zM398.8 388c-7.8 19.6-22.9 34.7-42.6 42.6-29.5 11.7-99.5 9-132.1 9s-102.7 2.6-132.1-9c-19.6-7.8-34.7-22.9-42.6-42.6-11.7-29.5-9-99.5-9-132.1s-2.6-102.7 9-132.1c7.8-19.6 22.9-34.7 42.6-42.6 29.5-11.7 99.5-9 132.1-9s102.7-2.6 132.1 9c19.6 7.8 34.7 22.9 42.6 42.6 11.7 29.5 9 99.5 9 132.1s2.7 102.7-9 132.1z\"><\/path><\/svg>\t\t\t\t\t<\/a>\n\t\t\t\t<\/span>\n\t\t\t\t\t\t\t<span class=\"elementor-grid-item\" role=\"listitem\">\n\t\t\t\t\t<a class=\"elementor-icon elementor-social-icon elementor-social-icon-jki-facebook-f elementor-repeater-item-392db73\" href=\"https:\/\/www.facebook.com\/macramebarcelona\" target=\"_blank\" rel=\"nofollow noopener\">\n\t\t\t\t\t\t<span class=\"elementor-screen-only\">Jki-facebook-f<\/span>\n\t\t\t\t\t\t<i aria-hidden=\"true\" class=\"jki jki-facebook-f\"><\/i>\t\t\t\t\t<\/a>\n\t\t\t\t<\/span>\n\t\t\t\t\t\t\t<span class=\"elementor-grid-item\" role=\"listitem\">\n\t\t\t\t\t<a class=\"elementor-icon elementor-social-icon elementor-social-icon-pinterest elementor-repeater-item-ced78b9\" href=\"https:\/\/www.pinterest.es\/macramebarcelona\/\" target=\"_blank\" rel=\"nofollow noopener\">\n\t\t\t\t\t\t<span class=\"elementor-screen-only\">Pinterest<\/span>\n\t\t\t\t\t\t<svg aria-hidden=\"true\" class=\"e-font-icon-svg e-fab-pinterest\" viewbox=\"0 0 496 512\" xmlns=\"http:\/\/www.w3.org\/2000\/svg\"><path d=\"M496 256c0 137-111 248-248 248-25.6 0-50.2-3.9-73.4-11.1 10.1-16.5 25.2-43.5 30.8-65 3-11.6 15.4-59 15.4-59 8.1 15.4 31.7 28.5 56.8 28.5 74.8 0 128.7-68.8 128.7-154.3 0-81.9-66.9-143.2-152.9-143.2-107 0-163.9 71.8-163.9 150.1 0 36.4 19.4 81.7 50.3 96.1 4.7 2.2 7.2 1.2 8.3-3.3.8-3.4 5-20.3 6.9-28.1.6-2.5.3-4.7-1.7-7.1-10.1-12.5-18.3-35.3-18.3-56.6 0-54.7 41.4-107.6 112-107.6 60.9 0 103.6 41.5 103.6 100.9 0 67.1-33.9 113.6-78 113.6-24.3 0-42.6-20.1-36.7-44.8 7-29.5 20.5-61.3 20.5-82.6 0-19-10.2-34.9-31.4-34.9-24.9 0-44.9 25.7-44.9 60.2 0 22 7.4 36.8 7.4 36.8s-24.5 103.8-29 123.2c-5 21.4-3 51.6-.9 71.2C65.4 450.9 0 361.1 0 256 0 119 111 8 248 8s248 111 248 248z\"><\/path><\/svg>\t\t\t\t\t<\/a>\n\t\t\t\t<\/span>\n\t\t\t\t\t<\/div>\n\t\t\t\t\t\t<\/div>\n\t\t\t\t<\/div>\n\t\t\t\t<\/div>\n\t\t\t\t\t<\/div>\n\t\t\t\t<\/div>\n\t\t\t\t<\/div>","protected":false},"excerpt":{"rendered":"<p>Accueil &gt; J&#039;aimerais avoir de vos nouvelles ! Si vous avez des questions, des requ\u00eates ou des commentaires sur les produits, les ateliers, ou si vous souhaitez collaborer avec moi sur un projet, n&#039;h\u00e9sitez pas \u00e0 nous contacter. Suivez-moi sur les r\u00e9seaux sociaux pour rester inform\u00e9 de tout ! info@macramebarcelona.com 618 06 45 32 Instagram Jki-facebook-f Pinterest<\/p>","protected":false},"author":1,"featured_media":0,"parent":0,"menu_order":0,"comment_status":"closed","ping_status":"closed","template":"","meta":{"footnotes":""},"class_list":["post-570","page","type-page","status-publish","hentry"],"_links":{"self":[{"href":"https:\/\/macramebarcelona.com\/fr\/wp-json\/wp\/v2\/pages\/570","targetHints":{"allow":["GET"]}}],"collection":[{"href":"https:\/\/macramebarcelona.com\/fr\/wp-json\/wp\/v2\/pages"}],"about":[{"href":"https:\/\/macramebarcelona.com\/fr\/wp-json\/wp\/v2\/types\/page"}],"author":[{"embeddable":true,"href":"https:\/\/macramebarcelona.com\/fr\/wp-json\/wp\/v2\/users\/1"}],"replies":[{"embeddable":true,"href":"https:\/\/macramebarcelona.com\/fr\/wp-json\/wp\/v2\/comments?post=570"}],"version-history":[{"count":28,"href":"https:\/\/macramebarcelona.com\/fr\/wp-json\/wp\/v2\/pages\/570\/revisions"}],"predecessor-version":[{"id":1264,"href":"https:\/\/macramebarcelona.com\/fr\/wp-json\/wp\/v2\/pages\/570\/revisions\/1264"}],"wp:attachment":[{"href":"https:\/\/macramebarcelona.com\/fr\/wp-json\/wp\/v2\/media?parent=570"}],"curies":[{"name":"wp","href":"https:\/\/api.w.org\/{rel}","templated":true}]}}