{"id":873,"date":"2024-06-30T14:54:34","date_gmt":"2024-06-30T14:54:34","guid":{"rendered":"https:\/\/macramebarcelona.com\/?page_id=873"},"modified":"2024-06-30T17:36:49","modified_gmt":"2024-06-30T17:36:49","slug":"aviso-legal","status":"publish","type":"page","link":"https:\/\/macramebarcelona.com\/fr\/aviso-legal\/","title":{"rendered":"Avis juridique"},"content":{"rendered":"<style>.elementor-873 .elementor-element.elementor-element-a799896{--display:flex;--flex-direction:row;--container-widget-width:calc( ( 1 - var( --container-widget-flex-grow ) ) * 100% );--container-widget-height:100%;--container-widget-flex-grow:1;--container-widget-align-self:stretch;--flex-wrap-mobile:wrap;--justify-content:center;--align-items:center;--overlay-opacity:0.2;--padding-top:70px;--padding-bottom:70px;--padding-left:0px;--padding-right:0px;}.elementor-873 .elementor-element.elementor-element-a799896:not(.elementor-motion-effects-element-type-background), .elementor-873 .elementor-element.elementor-element-a799896 > .elementor-motion-effects-container > .elementor-motion-effects-layer{background-color:transparent;background-image:linear-gradient(200deg, var( --e-global-color-secondary ) 0%, var( --e-global-color-text ) 80%);}.elementor-873 .elementor-element.elementor-element-a799896::before, .elementor-873 .elementor-element.elementor-element-a799896 > .elementor-background-video-container::before, .elementor-873 .elementor-element.elementor-element-a799896 > .e-con-inner > .elementor-background-video-container::before, .elementor-873 .elementor-element.elementor-element-a799896 > .elementor-background-slideshow::before, .elementor-873 .elementor-element.elementor-element-a799896 > .e-con-inner > .elementor-background-slideshow::before, .elementor-873 .elementor-element.elementor-element-a799896 > .elementor-motion-effects-container > .elementor-motion-effects-layer::before{--background-overlay:'';}.elementor-873 .elementor-element.elementor-element-b0aee18{--display:flex;--justify-content:center;--align-items:flex-start;--container-widget-width:calc( ( 1 - var( --container-widget-flex-grow ) ) * 100% );}.elementor-873 .elementor-element.elementor-element-5cdaa89{text-align:start;width:var( --container-widget-width, 100% );max-width:100%;--container-widget-width:100%;--container-widget-flex-grow:0;}.elementor-873 .elementor-element.elementor-element-5cdaa89 .elementor-heading-title{font-family:var( --e-global-typography-4353ebc-font-family ), Sans-serif;font-size:var( --e-global-typography-4353ebc-font-size );font-weight:var( --e-global-typography-4353ebc-font-weight );text-transform:var( --e-global-typography-4353ebc-text-transform );line-height:var( --e-global-typography-4353ebc-line-height );letter-spacing:var( --e-global-typography-4353ebc-letter-spacing );word-spacing:var( --e-global-typography-4353ebc-word-spacing );color:var( --e-global-color-accent );}.elementor-873 .elementor-element.elementor-element-5cdaa89 > .elementor-widget-container{margin:0px 0px 0px 0px;padding:0px 0px 0px 0px;}.elementor-873 .elementor-element.elementor-element-c10ce58{--display:flex;}.elementor-873 .elementor-element.elementor-element-aef12c1 > .elementor-widget-container{margin:50px 0px 50px 0px;}@media(max-width:1024px){.elementor-873 .elementor-element.elementor-element-a799896{--padding-top:50px;--padding-bottom:50px;--padding-left:20px;--padding-right:20px;}.elementor-873 .elementor-element.elementor-element-5cdaa89 .elementor-heading-title{font-size:var( --e-global-typography-4353ebc-font-size );line-height:var( --e-global-typography-4353ebc-line-height );letter-spacing:var( --e-global-typography-4353ebc-letter-spacing );word-spacing:var( --e-global-typography-4353ebc-word-spacing );}.elementor-873 .elementor-element.elementor-element-aef12c1 > .elementor-widget-container{margin:50px 20px 50px 20px;}}@media(max-width:767px){.elementor-873 .elementor-element.elementor-element-a799896{--padding-top:50px;--padding-bottom:50px;--padding-left:20px;--padding-right:20px;}.elementor-873 .elementor-element.elementor-element-b0aee18{--align-items:center;--container-widget-width:calc( ( 1 - var( --container-widget-flex-grow ) ) * 100% );}.elementor-873 .elementor-element.elementor-element-5cdaa89{text-align:start;}.elementor-873 .elementor-element.elementor-element-5cdaa89 .elementor-heading-title{font-size:var( --e-global-typography-4353ebc-font-size );line-height:var( --e-global-typography-4353ebc-line-height );letter-spacing:var( --e-global-typography-4353ebc-letter-spacing );word-spacing:var( --e-global-typography-4353ebc-word-spacing );}}<\/style>\t\t<div data-elementor-type=\"wp-page\" data-elementor-id=\"873\" class=\"elementor elementor-873\" data-elementor-post-type=\"page\">\n\t\t\t\t<div class=\"elementor-element elementor-element-a799896 e-flex e-con-boxed e-con e-parent\" data-id=\"a799896\" data-element_type=\"container\" data-e-type=\"container\" data-settings=\"{&quot;background_background&quot;:&quot;gradient&quot;}\">\n\t\t\t\t\t<div class=\"e-con-inner\">\n\t\t<div class=\"elementor-element elementor-element-b0aee18 e-flex e-con-boxed elementor-invisible e-con e-child\" data-id=\"b0aee18\" data-element_type=\"container\" data-e-type=\"container\" data-settings=\"{&quot;animation&quot;:&quot;fadeInUp&quot;,&quot;animation_delay&quot;:200}\">\n\t\t\t\t\t<div class=\"e-con-inner\">\n\t\t\t\t<div class=\"elementor-element elementor-element-5cdaa89 elementor-widget__width-initial elementor-widget elementor-widget-heading\" data-id=\"5cdaa89\" data-element_type=\"widget\" data-e-type=\"widget\" data-widget_type=\"heading.default\">\n\t\t\t\t<div class=\"elementor-widget-container\">\n\t\t\t\t\t<h1 class=\"elementor-heading-title elementor-size-default\">Avis juridique<\/h1>\t\t\t\t<\/div>\n\t\t\t\t<\/div>\n\t\t\t\t\t<\/div>\n\t\t\t\t<\/div>\n\t\t\t\t\t<\/div>\n\t\t\t\t<\/div>\n\t\t<div class=\"elementor-element elementor-element-c10ce58 e-flex e-con-boxed e-con e-parent\" data-id=\"c10ce58\" data-element_type=\"container\" data-e-type=\"container\">\n\t\t\t\t\t<div class=\"e-con-inner\">\n\t\t\t\t<div class=\"elementor-element elementor-element-aef12c1 elementor-widget elementor-widget-text-editor\" data-id=\"aef12c1\" data-element_type=\"widget\" data-e-type=\"widget\" data-widget_type=\"text-editor.default\">\n\t\t\t\t<div class=\"elementor-widget-container\">\n\t\t\t\t\t\t\t\t\t<h2 class=\"wp-block-heading\">Responsable du traitement des donn\u00e9es<\/h2><p>Conform\u00e9ment au devoir d&#039;information \u00e9tabli par la loi 34\/2002 du 11 juillet relative aux services de la soci\u00e9t\u00e9 de l&#039;information et au commerce \u00e9lectronique, nous vous informons que ce site Web est la propri\u00e9t\u00e9 de\u00a0:<\/p><ul><li>Nom : CATHY DUPR\u00c9<strong><br \/><\/strong><\/li><li>Adresse\u00a0:ENTENSA N10 PRINCIPAL 2<strong><br \/>PC et population\u00a0:\u00a0<\/strong>08015 Barcelone<strong>\u00a0<\/strong>(Barcelone)<\/li><li>T\u00e9l\u00e9phone\u00a0: 618064532<\/li><li>E-mail: <a href=\"mailto:cathyfotografia@gmail.com\">cathyfotografia@gmail.com<\/a><\/li><\/ul><h2 class=\"wp-block-heading\">Objet<\/h2><p>Le Responsable met ce document \u00e0 la disposition des utilisateurs avec lesquels il entend se conformer aux dispositions de la r\u00e9glementation en vigueur sur la protection des donn\u00e9es, et dans le cadre du nouveau cadre r\u00e9glementaire \u00e9tabli en vertu des dispositions du R\u00e8glement (UE 2016\/679 du). du Parlement europ\u00e9en et du Conseil, du 27 avril 2016, relative \u00e0 la protection des personnes physiques \u00e0 l&#039;\u00e9gard du traitement des donn\u00e9es \u00e0 caract\u00e8re personnel et \u00e0 la libre circulation de ces donn\u00e9es (ci-apr\u00e8s, le \u00ab RGPD \u00bb), et aux r\u00e9glementations nationales en mati\u00e8re de protection. des donn\u00e9es personnelles, ainsi que d&#039;informer tous les utilisateurs du site Internet des conditions d&#039;utilisation du site Internet.<\/p><p>Toute personne qui acc\u00e8de \u00e0 ce site Web assume le r\u00f4le d&#039;utilisateur, s&#039;engageant au strict respect et au respect des dispositions \u00e9nonc\u00e9es dans le pr\u00e9sent document, ainsi que de toute autre disposition l\u00e9gale applicable.<\/p><p>Le Responsable du traitement se r\u00e9serve le droit de modifier tout type d&#039;informations pouvant appara\u00eetre sur le site Internet, sans aucune obligation de notifier ou d&#039;informer les utilisateurs de ces obligations, la publication sur le site Internet du Responsable \u00e9tant consid\u00e9r\u00e9e comme suffisante.<\/p><h2 class=\"wp-block-heading\">Responsabilit\u00e9<\/h2><p>Le Responsable du traitement est exon\u00e9r\u00e9 de tout type de responsabilit\u00e9 d\u00e9riv\u00e9e des informations publi\u00e9es sur son site Internet, \u00e0 condition que ces informations aient \u00e9t\u00e9 manipul\u00e9es ou introduites par un tiers qui ne lui est pas li\u00e9.<\/p><h2 class=\"wp-block-heading\">Adresses IP<\/h2><p>Les serveurs du site Web peuvent d\u00e9tecter automatiquement l&#039;adresse IP et le nom de domaine utilis\u00e9s par l&#039;utilisateur.<\/p><p>Une adresse IP est un num\u00e9ro automatiquement attribu\u00e9 \u00e0 un ordinateur lorsqu&#039;il se connecte \u00e0 Internet. Toutes ces informations sont enregistr\u00e9es dans un fichier d&#039;activit\u00e9 du serveur, d\u00fbment enregistr\u00e9, qui permet le traitement ult\u00e9rieur des donn\u00e9es pour obtenir uniquement des mesures statistiques permettant de conna\u00eetre le nombre d&#039;impressions de pages, le nombre de visites effectu\u00e9es sur les serveurs Web, l&#039;ordre des visites, point d&#039;acc\u00e8s, etc.<\/p><h2 class=\"wp-block-heading\">Politique de lien<\/h2><p>\u00c0 partir de ce site Web, vous pouvez \u00eatre redirig\u00e9 vers du contenu provenant de sites Web tiers. \u00c9tant donn\u00e9 que le Responsable du traitement ne peut pas toujours contr\u00f4ler les contenus introduits par des tiers sur leurs sites Web, il n&#039;assume aucune responsabilit\u00e9 concernant ces contenus. Dans tous les cas, le Responsable du traitement d\u00e9clare qu&#039;il proc\u00e9dera au retrait imm\u00e9diat de tout contenu susceptible de contrevenir \u00e0 la l\u00e9gislation nationale ou internationale, aux bonnes m\u0153urs ou \u00e0 l&#039;ordre public, en proc\u00e9dant au retrait imm\u00e9diat de la redirection vers ce site Web, en informant les autorit\u00e9s comp\u00e9tentes du contenu en question.<\/p><p>Le Responsable du traitement n&#039;est pas responsable des informations et des contenus stock\u00e9s, \u00e0 titre d&#039;exemple mais sans s&#039;y limiter, dans les forums, chats, g\u00e9n\u00e9rateurs de blogs, commentaires, r\u00e9seaux sociaux ou tout autre moyen permettant \u00e0 des tiers de publier du contenu de mani\u00e8re ind\u00e9pendante sur le site Internet de. le responsable. Toutefois, et conform\u00e9ment aux dispositions de l&#039;art. 11 et 16 de la LSSICE, le Responsable se met \u00e0 la disposition de tous les utilisateurs, autorit\u00e9s et forces de s\u00e9curit\u00e9, en collaborant activement au retrait ou, le cas \u00e9ch\u00e9ant, au blocage de tout contenu susceptible d&#039;affecter ou de contrevenir \u00e0 la l\u00e9gislation nationale, ou au droit international, aux droits des tiers. les partis ou la morale et l\u2019ordre public. Dans le cas o\u00f9 l&#039;utilisateur estime qu&#039;il existe un contenu sur le site Web qui pourrait \u00eatre susceptible de faire l&#039;objet de cette classification,<\/p><p>Ce site Web a \u00e9t\u00e9 examin\u00e9 et test\u00e9 pour fonctionner correctement. En principe, le bon fonctionnement peut \u00eatre garanti 365 jours par an, 24 heures sur 24. Cependant, le Responsable du traitement n&#039;exclut pas la possibilit\u00e9 que certaines erreurs de programmation se produisent ou qu&#039;elles deviennent des causes de force majeure, de catastrophes naturelles, de gr\u00e8ves ou de circonstances similaires rendant impossible l&#039;acc\u00e8s au site Web.<\/p><h2 class=\"wp-block-heading\">Protection de donn\u00e9es<\/h2><p>Le Responsable du traitement s&#039;engage profond\u00e9ment \u00e0 respecter les dispositions de la r\u00e9glementation en vigueur sur la protection des donn\u00e9es, et dans le contexte du nouveau cadre r\u00e9glementaire \u00e9tabli en vertu des dispositions du r\u00e8glement (UE) 2016\/679 du Parlement europ\u00e9en et du Conseil du 27 Avril 2016 relative \u00e0 la protection des personnes physiques \u00e0 l&#039;\u00e9gard du traitement des donn\u00e9es \u00e0 caract\u00e8re personnel et \u00e0 la libre circulation de ces donn\u00e9es (ci-apr\u00e8s, le RGPD), et aux r\u00e9glementations nationales en mati\u00e8re de protection des donn\u00e9es \u00e0 caract\u00e8re personnel.<\/p><p>De m\u00eame, le Responsable du traitement informe qu&#039;il se conforme \u00e0 la loi 34\/2002 du 11 juillet sur les services de la soci\u00e9t\u00e9 de l&#039;information et du commerce \u00e9lectronique et demandera \u00e0 tout moment votre consentement au traitement de vos donn\u00e9es \u00e0 des fins commerciales.<\/p><h2 class=\"wp-block-heading\">Propri\u00e9t\u00e9 intellectuelle et industrielle<\/h2><p>Le site Internet, y compris mais sans s&#039;y limiter, sa programmation, son \u00e9dition, sa compilation et autres \u00e9l\u00e9ments n\u00e9cessaires \u00e0 son fonctionnement, les dessins, logos, textes et\/ou graphiques sont la propri\u00e9t\u00e9 du Responsable du traitement ou, le cas \u00e9ch\u00e9ant, disposent d&#039;une licence ou d&#039;une autorisation expresse de une partie des auteurs. Tous les contenus du site Web sont d\u00fbment prot\u00e9g\u00e9s par la r\u00e9glementation en mati\u00e8re de propri\u00e9t\u00e9 intellectuelle et industrielle. Quelle que soit la finalit\u00e9 pour laquelle ils sont destin\u00e9s, la reproduction totale ou partielle, l&#039;utilisation, l&#039;exploitation, la distribution et la commercialisation n\u00e9cessitent dans tous les cas l&#039;autorisation \u00e9crite pr\u00e9alable du Responsable du traitement. Toute utilisation non pr\u00e9alablement autoris\u00e9e par le responsable sera consid\u00e9r\u00e9e comme une violation grave des droits de propri\u00e9t\u00e9 intellectuelle ou industrielle de l&#039;auteur. Les dessins, logos, textes et\/ou graphiques autres que ceux du pr\u00eateur et susceptibles d&#039;appara\u00eetre sur le site appartiennent \u00e0 leurs propri\u00e9taires respectifs, qui sont responsables de toute \u00e9ventuelle controverse qui pourrait surgir \u00e0 leur sujet. En tout \u00e9tat de cause, le Responsable de traitement dispose de leur autorisation expresse et pr\u00e9alable. Le Responsable du traitement autorise express\u00e9ment les tiers \u00e0 rediriger directement vers les contenus sp\u00e9cifiques du site Internet et, dans tous les cas, doit rediriger vers la page principale du site Internet du Responsable du traitement. Le Titulaire reconna\u00eet les droits de propri\u00e9t\u00e9 intellectuelle et industrielle correspondants en faveur de leurs propri\u00e9taires, et leur simple mention ou apparition sur le site Web n&#039;implique pas l&#039;existence de droits ou de responsabilit\u00e9 du Titulaire sur ceux-ci, ni n&#039;implique un soutien, un parrainage ou une recommandation pour leur part. Pour toutes les images dans lesquelles le logiciel de conception le permet, les r\u00e9f\u00e9rences correspondantes \u00e0 la paternit\u00e9 et \u00e0 la licence correspondante ont \u00e9t\u00e9 incluses. Pour faire tout type d&#039;observation concernant d&#039;\u00e9ventuelles violations des droits de propri\u00e9t\u00e9 intellectuelle ou industrielle, ainsi que sur tout contenu du site Web, vous pouvez le faire via l&#039;e-mail suivant : <a href=\"mailto:cathyfotografia@gmail.com\">cathyfotografia@gmail.com<\/a><\/p>\t\t\t\t\t\t\t\t<\/div>\n\t\t\t\t<\/div>\n\t\t\t\t\t<\/div>\n\t\t\t\t<\/div>\n\t\t\t\t<\/div>","protected":false},"excerpt":{"rendered":"<p>Responsable del tratamiento de los datos En cumplimiento del deber de informaci\u00f3n que establece la Ley La 34\/2002, de 11 de julio, de Servicios de la Sociedad de la Informaci\u00f3n y del Comercio Electr\u00f3nico, le comunicamos que esta web es titularidad de: Nombre:CATHY DUPRE Direcci\u00f3n:ENTENSA N10 PRINCIPAL 2CP y Poblaci\u00f3n:\u00a008015 Barcelona\u00a0(Barcelona) Tel\u00e9fono: 618064532 Mail: cathyfotografia@gmail.com [&hellip;]<\/p>\n","protected":false},"author":1,"featured_media":0,"parent":0,"menu_order":0,"comment_status":"closed","ping_status":"closed","template":"","meta":{"footnotes":""},"class_list":["post-873","page","type-page","status-publish","hentry"],"_links":{"self":[{"href":"https:\/\/macramebarcelona.com\/fr\/wp-json\/wp\/v2\/pages\/873","targetHints":{"allow":["GET"]}}],"collection":[{"href":"https:\/\/macramebarcelona.com\/fr\/wp-json\/wp\/v2\/pages"}],"about":[{"href":"https:\/\/macramebarcelona.com\/fr\/wp-json\/wp\/v2\/types\/page"}],"author":[{"embeddable":true,"href":"https:\/\/macramebarcelona.com\/fr\/wp-json\/wp\/v2\/users\/1"}],"replies":[{"embeddable":true,"href":"https:\/\/macramebarcelona.com\/fr\/wp-json\/wp\/v2\/comments?post=873"}],"version-history":[{"count":15,"href":"https:\/\/macramebarcelona.com\/fr\/wp-json\/wp\/v2\/pages\/873\/revisions"}],"predecessor-version":[{"id":918,"href":"https:\/\/macramebarcelona.com\/fr\/wp-json\/wp\/v2\/pages\/873\/revisions\/918"}],"wp:attachment":[{"href":"https:\/\/macramebarcelona.com\/fr\/wp-json\/wp\/v2\/media?parent=873"}],"curies":[{"name":"wp","href":"https:\/\/api.w.org\/{rel}","templated":true}]}}