{"id":883,"date":"2024-06-30T15:02:22","date_gmt":"2024-06-30T15:02:22","guid":{"rendered":"https:\/\/macramebarcelona.com\/?page_id=883"},"modified":"2024-06-30T17:38:02","modified_gmt":"2024-06-30T17:38:02","slug":"privacidad","status":"publish","type":"page","link":"https:\/\/macramebarcelona.com\/fr\/privacidad\/","title":{"rendered":"Politique de confidentialit\u00e9"},"content":{"rendered":"<style>.elementor-883 .elementor-element.elementor-element-db8aaf7{--display:flex;--flex-direction:row;--container-widget-width:calc( ( 1 - var( --container-widget-flex-grow ) ) * 100% );--container-widget-height:100%;--container-widget-flex-grow:1;--container-widget-align-self:stretch;--flex-wrap-mobile:wrap;--justify-content:center;--align-items:center;--overlay-opacity:0.2;--padding-top:70px;--padding-bottom:70px;--padding-left:0px;--padding-right:0px;}.elementor-883 .elementor-element.elementor-element-db8aaf7:not(.elementor-motion-effects-element-type-background), .elementor-883 .elementor-element.elementor-element-db8aaf7 > .elementor-motion-effects-container > .elementor-motion-effects-layer{background-color:transparent;background-image:linear-gradient(200deg, var( --e-global-color-secondary ) 0%, var( --e-global-color-text ) 80%);}.elementor-883 .elementor-element.elementor-element-db8aaf7::before, .elementor-883 .elementor-element.elementor-element-db8aaf7 > .elementor-background-video-container::before, .elementor-883 .elementor-element.elementor-element-db8aaf7 > .e-con-inner > .elementor-background-video-container::before, .elementor-883 .elementor-element.elementor-element-db8aaf7 > .elementor-background-slideshow::before, .elementor-883 .elementor-element.elementor-element-db8aaf7 > .e-con-inner > .elementor-background-slideshow::before, .elementor-883 .elementor-element.elementor-element-db8aaf7 > .elementor-motion-effects-container > .elementor-motion-effects-layer::before{--background-overlay:'';}.elementor-883 .elementor-element.elementor-element-9c4cd6e{--display:flex;--justify-content:center;--align-items:flex-start;--container-widget-width:calc( ( 1 - var( --container-widget-flex-grow ) ) * 100% );}.elementor-883 .elementor-element.elementor-element-88553b9{text-align:start;width:var( --container-widget-width, 100% );max-width:100%;--container-widget-width:100%;--container-widget-flex-grow:0;}.elementor-883 .elementor-element.elementor-element-88553b9 .elementor-heading-title{font-family:var( --e-global-typography-4353ebc-font-family ), Sans-serif;font-size:var( --e-global-typography-4353ebc-font-size );font-weight:var( --e-global-typography-4353ebc-font-weight );text-transform:var( --e-global-typography-4353ebc-text-transform );line-height:var( --e-global-typography-4353ebc-line-height );letter-spacing:var( --e-global-typography-4353ebc-letter-spacing );word-spacing:var( --e-global-typography-4353ebc-word-spacing );color:var( --e-global-color-accent );}.elementor-883 .elementor-element.elementor-element-88553b9 > .elementor-widget-container{margin:0px 0px 0px 0px;padding:0px 0px 0px 0px;}.elementor-883 .elementor-element.elementor-element-c10ce58{--display:flex;}.elementor-883 .elementor-element.elementor-element-aef12c1 > .elementor-widget-container{margin:50px 0px 50px 0px;}@media(max-width:1024px){.elementor-883 .elementor-element.elementor-element-db8aaf7{--padding-top:50px;--padding-bottom:50px;--padding-left:20px;--padding-right:20px;}.elementor-883 .elementor-element.elementor-element-88553b9 .elementor-heading-title{font-size:var( --e-global-typography-4353ebc-font-size );line-height:var( --e-global-typography-4353ebc-line-height );letter-spacing:var( --e-global-typography-4353ebc-letter-spacing );word-spacing:var( --e-global-typography-4353ebc-word-spacing );}.elementor-883 .elementor-element.elementor-element-aef12c1 > .elementor-widget-container{margin:50px 20px 50px 20px;}}@media(max-width:767px){.elementor-883 .elementor-element.elementor-element-db8aaf7{--padding-top:50px;--padding-bottom:50px;--padding-left:20px;--padding-right:20px;}.elementor-883 .elementor-element.elementor-element-9c4cd6e{--align-items:center;--container-widget-width:calc( ( 1 - var( --container-widget-flex-grow ) ) * 100% );}.elementor-883 .elementor-element.elementor-element-88553b9{text-align:start;}.elementor-883 .elementor-element.elementor-element-88553b9 .elementor-heading-title{font-size:var( --e-global-typography-4353ebc-font-size );line-height:var( --e-global-typography-4353ebc-line-height );letter-spacing:var( --e-global-typography-4353ebc-letter-spacing );word-spacing:var( --e-global-typography-4353ebc-word-spacing );}}<\/style>\t\t<div data-elementor-type=\"wp-page\" data-elementor-id=\"883\" class=\"elementor elementor-883\" data-elementor-post-type=\"page\">\n\t\t\t\t<div class=\"elementor-element elementor-element-db8aaf7 e-flex e-con-boxed e-con e-parent\" data-id=\"db8aaf7\" data-element_type=\"container\" data-e-type=\"container\" data-settings=\"{&quot;background_background&quot;:&quot;gradient&quot;}\">\n\t\t\t\t\t<div class=\"e-con-inner\">\n\t\t<div class=\"elementor-element elementor-element-9c4cd6e e-flex e-con-boxed elementor-invisible e-con e-child\" data-id=\"9c4cd6e\" data-element_type=\"container\" data-e-type=\"container\" data-settings=\"{&quot;animation&quot;:&quot;fadeInUp&quot;,&quot;animation_delay&quot;:200}\">\n\t\t\t\t\t<div class=\"e-con-inner\">\n\t\t\t\t<div class=\"elementor-element elementor-element-88553b9 elementor-widget__width-initial elementor-widget elementor-widget-heading\" data-id=\"88553b9\" data-element_type=\"widget\" data-e-type=\"widget\" data-widget_type=\"heading.default\">\n\t\t\t\t<div class=\"elementor-widget-container\">\n\t\t\t\t\t<h1 class=\"elementor-heading-title elementor-size-default\">Politique de confidentialit\u00e9<\/h1>\t\t\t\t<\/div>\n\t\t\t\t<\/div>\n\t\t\t\t\t<\/div>\n\t\t\t\t<\/div>\n\t\t\t\t\t<\/div>\n\t\t\t\t<\/div>\n\t\t<div class=\"elementor-element elementor-element-c10ce58 e-flex e-con-boxed e-con e-parent\" data-id=\"c10ce58\" data-element_type=\"container\" data-e-type=\"container\">\n\t\t\t\t\t<div class=\"e-con-inner\">\n\t\t\t\t<div class=\"elementor-element elementor-element-aef12c1 elementor-widget elementor-widget-text-editor\" data-id=\"aef12c1\" data-element_type=\"widget\" data-e-type=\"widget\" data-widget_type=\"text-editor.default\">\n\t\t\t\t<div class=\"elementor-widget-container\">\n\t\t\t\t\t\t\t\t\t<h2 class=\"wp-block-heading\">1.- INFORMATION \u00c0 L&#039;UTILISATEUR<\/h2><p>Le site informe les utilisateurs du site Internet de sa politique en mati\u00e8re de traitement et de protection des donn\u00e9es personnelles des utilisateurs et des clients qui peuvent \u00eatre demand\u00e9es lors de la navigation sur son site Internet. Le site Web est responsable du traitement des donn\u00e9es personnelles de l&#039;utilisateur, c&#039;est pourquoi les informations suivantes sont fournies concernant le traitement de vos donn\u00e9es :\u00a0<strong>Crit\u00e8res de conservation des donn\u00e9es<\/strong>\u00a0: Les donn\u00e9es personnelles fournies seront conserv\u00e9es jusqu&#039;\u00e0 ce que la suspension soit demand\u00e9e par l&#039;int\u00e9ress\u00e9, exer\u00e7ant ses droits sur les donn\u00e9es, et en tout cas dans le respect des d\u00e9lais de prescription l\u00e9gaux applicables.\u00a0<strong>Droits des parties int\u00e9ress\u00e9es<\/strong>\u00a0:<\/p><ul><li>Droit de retirer votre consentement \u00e0 tout moment.<\/li><li>Droit d&#039;acc\u00e8s, de rectification, de suppression, de portabilit\u00e9 de vos donn\u00e9es et de limitation ou d&#039;opposition \u00e0 leur traitement, ainsi que de ne pas \u00eatre soumis \u00e0 des d\u00e9cisions individuelles automatis\u00e9es.<\/li><\/ul><p><strong>Coordonn\u00e9es pour exercer vos droits<\/strong> : Le droit d\u2019exercice doit \u00eatre correctement identifi\u00e9 et clairement demand\u00e9.<\/p><ul><li>Nom : CATHY DUPR\u00c9<\/li><li>Adresse\u00a0:ENTENSA N10 PRINCIPAL 2<strong><br \/>PC et population\u00a0:\u00a0<\/strong>08015 Barcelone<strong>\u00a0<\/strong>(Barcelone)<\/li><li>T\u00e9l\u00e9phone\u00a0: 618064532<\/li><li>E-mail: <a href=\"mailto:cathyfotografia@gmail.com\">cathyfotografia@gmail.com<\/a><\/li><\/ul><h2 class=\"wp-block-heading\">2.- INFORMATIONS FOURNIES PAR L&#039;UTILISATEUR<\/h2><p>Si vous avez moins de 18 ans, l&#039;utilisation des formulaires sur notre site Web n&#039;est pas autoris\u00e9e.<\/p><p>Les utilisateurs, en saisissant leurs donn\u00e9es dans les formulaires de contact ou pr\u00e9sent\u00e9s dans les formulaires de t\u00e9l\u00e9chargement, acceptent express\u00e9ment, librement et sans \u00e9quivoque que leurs donn\u00e9es sont n\u00e9cessaires pour r\u00e9pondre \u00e0 leur demande, par le Responsable, l&#039;inclusion des donn\u00e9es dans les champs de donn\u00e9es \u00e9tant volontaire.<\/p><p>L&#039;Utilisateur garantit que les donn\u00e9es personnelles fournies sont v\u00e9ridiques et est responsable de communiquer toute modification.<\/p><p>Toutes les donn\u00e9es demand\u00e9es via le site Web sont n\u00e9cessaires pour fournir un service optimal \u00e0 l&#039;utilisateur. Si toutes les donn\u00e9es ne sont pas fournies, il n&#039;est pas garanti que les informations et les services que le Responsable vous fournit soient compl\u00e8tement adapt\u00e9s \u00e0 vos besoins.<\/p><h2 class=\"wp-block-heading\">3.- MESURES DE S\u00c9CURIT\u00c9<\/h2><p>Conform\u00e9ment aux dispositions de la r\u00e9glementation en vigueur en mati\u00e8re de protection des donn\u00e9es personnelles, le Responsable du traitement respecte toutes les dispositions des r\u00e9glementations RGPD et LOPD pour le traitement des donn\u00e9es personnelles sous sa responsabilit\u00e9, qui sont trait\u00e9es de mani\u00e8re licite, loyale et transparente. par rapport \u00e0 l&#039;int\u00e9ress\u00e9 et ad\u00e9quats, pertinents et limit\u00e9s \u00e0 ce qui est n\u00e9cessaire au regard des finalit\u00e9s pour lesquelles ils sont trait\u00e9s.<\/p><p>Le Responsable du traitement garantit avoir mis en \u0153uvre des politiques techniques et organisationnelles appropri\u00e9es pour appliquer les mesures de s\u00e9curit\u00e9 \u00e9tablies par le RGPD et la LOPD pour prot\u00e9ger les droits et libert\u00e9s des Utilisateurs et leur avoir communiqu\u00e9 les informations appropri\u00e9es afin qu&#039;ils puissent les exercer.<\/p><h2 class=\"wp-block-heading\">4.- LACUNES DE S\u00c9CURIT\u00c9<\/h2><p>Le responsable du traitement signalera toute faille de s\u00e9curit\u00e9 affectant la base de donn\u00e9es utilis\u00e9e par ce site Web ou affectant l&#039;un de nos services tiers, chaque personne, les donn\u00e9es susceptibles d&#039;avoir \u00e9t\u00e9 affect\u00e9es et les autorit\u00e9s, dans les 72 heures suivant la d\u00e9tection de la violation.<\/p><h2 class=\"wp-block-heading\">LOI APPLICABLE ET JURIDICTION<\/h2><p>Pour la r\u00e9solution de tous les litiges ou probl\u00e8mes li\u00e9s \u00e0 ce site Web ou aux activit\u00e9s r\u00e9alis\u00e9es, la l\u00e9gislation espagnole s&#039;appliquera, \u00e0 laquelle les parties se soumettent express\u00e9ment, \u00e9tant comp\u00e9tentes pour r\u00e9soudre tous les conflits survenant ou li\u00e9s \u00e0 l&#039;utilisation des Cours et Tribunaux de Barcelone.<\/p>\t\t\t\t\t\t\t\t<\/div>\n\t\t\t\t<\/div>\n\t\t\t\t\t<\/div>\n\t\t\t\t<\/div>\n\t\t\t\t<\/div>","protected":false},"excerpt":{"rendered":"<p>1.- INFORMACI\u00d3N AL USUARIO El sitio web informa a los usuarios del sitio web sobre su pol\u00edtica respecto al tratamiento y protecci\u00f3n de los datos de car\u00e1cter personal de los usuarios y clientes que puedan ser solicitados por la navegaci\u00f3n a trav\u00e9s de su sitio web. El sitio web es el Responsable del tratamiento de [&hellip;]<\/p>\n","protected":false},"author":1,"featured_media":0,"parent":0,"menu_order":0,"comment_status":"closed","ping_status":"closed","template":"","meta":{"footnotes":""},"class_list":["post-883","page","type-page","status-publish","hentry"],"_links":{"self":[{"href":"https:\/\/macramebarcelona.com\/fr\/wp-json\/wp\/v2\/pages\/883","targetHints":{"allow":["GET"]}}],"collection":[{"href":"https:\/\/macramebarcelona.com\/fr\/wp-json\/wp\/v2\/pages"}],"about":[{"href":"https:\/\/macramebarcelona.com\/fr\/wp-json\/wp\/v2\/types\/page"}],"author":[{"embeddable":true,"href":"https:\/\/macramebarcelona.com\/fr\/wp-json\/wp\/v2\/users\/1"}],"replies":[{"embeddable":true,"href":"https:\/\/macramebarcelona.com\/fr\/wp-json\/wp\/v2\/comments?post=883"}],"version-history":[{"count":10,"href":"https:\/\/macramebarcelona.com\/fr\/wp-json\/wp\/v2\/pages\/883\/revisions"}],"predecessor-version":[{"id":921,"href":"https:\/\/macramebarcelona.com\/fr\/wp-json\/wp\/v2\/pages\/883\/revisions\/921"}],"wp:attachment":[{"href":"https:\/\/macramebarcelona.com\/fr\/wp-json\/wp\/v2\/media?parent=883"}],"curies":[{"name":"wp","href":"https:\/\/api.w.org\/{rel}","templated":true}]}}