{"id":894,"date":"2024-06-30T15:07:04","date_gmt":"2024-06-30T15:07:04","guid":{"rendered":"https:\/\/macramebarcelona.com\/?page_id=894"},"modified":"2024-06-30T17:38:45","modified_gmt":"2024-06-30T17:38:45","slug":"cookies","status":"publish","type":"page","link":"https:\/\/macramebarcelona.com\/fr\/cookies\/","title":{"rendered":"Politique de cookies"},"content":{"rendered":"<style>.elementor-894 .elementor-element.elementor-element-64ef768{--display:flex;--flex-direction:row;--container-widget-width:calc( ( 1 - var( --container-widget-flex-grow ) ) * 100% );--container-widget-height:100%;--container-widget-flex-grow:1;--container-widget-align-self:stretch;--flex-wrap-mobile:wrap;--justify-content:center;--align-items:center;--overlay-opacity:0.2;--padding-top:70px;--padding-bottom:70px;--padding-left:0px;--padding-right:0px;}.elementor-894 .elementor-element.elementor-element-64ef768:not(.elementor-motion-effects-element-type-background), .elementor-894 .elementor-element.elementor-element-64ef768 > .elementor-motion-effects-container > .elementor-motion-effects-layer{background-color:transparent;background-image:linear-gradient(200deg, var( --e-global-color-secondary ) 0%, var( --e-global-color-text ) 80%);}.elementor-894 .elementor-element.elementor-element-64ef768::before, .elementor-894 .elementor-element.elementor-element-64ef768 > .elementor-background-video-container::before, .elementor-894 .elementor-element.elementor-element-64ef768 > .e-con-inner > .elementor-background-video-container::before, .elementor-894 .elementor-element.elementor-element-64ef768 > .elementor-background-slideshow::before, .elementor-894 .elementor-element.elementor-element-64ef768 > .e-con-inner > .elementor-background-slideshow::before, .elementor-894 .elementor-element.elementor-element-64ef768 > .elementor-motion-effects-container > .elementor-motion-effects-layer::before{--background-overlay:'';}.elementor-894 .elementor-element.elementor-element-9015905{--display:flex;--justify-content:center;--align-items:flex-start;--container-widget-width:calc( ( 1 - var( --container-widget-flex-grow ) ) * 100% );}.elementor-894 .elementor-element.elementor-element-90a716c{text-align:start;width:var( --container-widget-width, 100% );max-width:100%;--container-widget-width:100%;--container-widget-flex-grow:0;}.elementor-894 .elementor-element.elementor-element-90a716c .elementor-heading-title{font-family:var( --e-global-typography-4353ebc-font-family ), Sans-serif;font-size:var( --e-global-typography-4353ebc-font-size );font-weight:var( --e-global-typography-4353ebc-font-weight );text-transform:var( --e-global-typography-4353ebc-text-transform );line-height:var( --e-global-typography-4353ebc-line-height );letter-spacing:var( --e-global-typography-4353ebc-letter-spacing );word-spacing:var( --e-global-typography-4353ebc-word-spacing );color:var( --e-global-color-accent );}.elementor-894 .elementor-element.elementor-element-90a716c > .elementor-widget-container{margin:0px 0px 0px 0px;padding:0px 0px 0px 0px;}.elementor-894 .elementor-element.elementor-element-c10ce58{--display:flex;}.elementor-894 .elementor-element.elementor-element-aef12c1 > .elementor-widget-container{margin:50px 0px 50px 0px;}@media(max-width:1024px){.elementor-894 .elementor-element.elementor-element-64ef768{--padding-top:50px;--padding-bottom:50px;--padding-left:20px;--padding-right:20px;}.elementor-894 .elementor-element.elementor-element-90a716c .elementor-heading-title{font-size:var( --e-global-typography-4353ebc-font-size );line-height:var( --e-global-typography-4353ebc-line-height );letter-spacing:var( --e-global-typography-4353ebc-letter-spacing );word-spacing:var( --e-global-typography-4353ebc-word-spacing );}.elementor-894 .elementor-element.elementor-element-aef12c1 > .elementor-widget-container{margin:50px 20px 50px 20px;}}@media(max-width:767px){.elementor-894 .elementor-element.elementor-element-64ef768{--padding-top:50px;--padding-bottom:50px;--padding-left:20px;--padding-right:20px;}.elementor-894 .elementor-element.elementor-element-9015905{--align-items:center;--container-widget-width:calc( ( 1 - var( --container-widget-flex-grow ) ) * 100% );}.elementor-894 .elementor-element.elementor-element-90a716c{text-align:start;}.elementor-894 .elementor-element.elementor-element-90a716c .elementor-heading-title{font-size:var( --e-global-typography-4353ebc-font-size );line-height:var( --e-global-typography-4353ebc-line-height );letter-spacing:var( --e-global-typography-4353ebc-letter-spacing );word-spacing:var( --e-global-typography-4353ebc-word-spacing );}}<\/style>\t\t<div data-elementor-type=\"wp-page\" data-elementor-id=\"894\" class=\"elementor elementor-894\" data-elementor-post-type=\"page\">\n\t\t\t\t<div class=\"elementor-element elementor-element-64ef768 e-flex e-con-boxed e-con e-parent\" data-id=\"64ef768\" data-element_type=\"container\" data-e-type=\"container\" data-settings=\"{&quot;background_background&quot;:&quot;gradient&quot;}\">\n\t\t\t\t\t<div class=\"e-con-inner\">\n\t\t<div class=\"elementor-element elementor-element-9015905 e-flex e-con-boxed elementor-invisible e-con e-child\" data-id=\"9015905\" data-element_type=\"container\" data-e-type=\"container\" data-settings=\"{&quot;animation&quot;:&quot;fadeInUp&quot;,&quot;animation_delay&quot;:200}\">\n\t\t\t\t\t<div class=\"e-con-inner\">\n\t\t\t\t<div class=\"elementor-element elementor-element-90a716c elementor-widget__width-initial elementor-widget elementor-widget-heading\" data-id=\"90a716c\" data-element_type=\"widget\" data-e-type=\"widget\" data-widget_type=\"heading.default\">\n\t\t\t\t<div class=\"elementor-widget-container\">\n\t\t\t\t\t<h1 class=\"elementor-heading-title elementor-size-default\">Politique de cookies<\/h1>\t\t\t\t<\/div>\n\t\t\t\t<\/div>\n\t\t\t\t\t<\/div>\n\t\t\t\t<\/div>\n\t\t\t\t\t<\/div>\n\t\t\t\t<\/div>\n\t\t<div class=\"elementor-element elementor-element-c10ce58 e-flex e-con-boxed e-con e-parent\" data-id=\"c10ce58\" data-element_type=\"container\" data-e-type=\"container\">\n\t\t\t\t\t<div class=\"e-con-inner\">\n\t\t\t\t<div class=\"elementor-element elementor-element-aef12c1 elementor-widget elementor-widget-text-editor\" data-id=\"aef12c1\" data-element_type=\"widget\" data-e-type=\"widget\" data-widget_type=\"text-editor.default\">\n\t\t\t\t<div class=\"elementor-widget-container\">\n\t\t\t\t\t\t\t\t\t<h2 class=\"wp-block-heading\">Paragraphe 1<\/h2><p>Ongle\u00a0<em>biscuit<\/em>\u00a0est un petit fichier texte stock\u00e9 dans votre navigateur lorsque vous visitez presque n&#039;importe quelle page Web. Son utilit\u00e9 est que le site Web puisse se souvenir de votre visite lorsque vous naviguez \u00e0 nouveau sur cette page. Les cookies stockent g\u00e9n\u00e9ralement des informations techniques, des pr\u00e9f\u00e9rences personnelles, la personnalisation du contenu, des statistiques d&#039;utilisation, des liens vers des r\u00e9seaux sociaux, l&#039;acc\u00e8s aux comptes d&#039;utilisateurs, etc. L&#039;objectif du cookie est d&#039;adapter le contenu du site Web \u00e0 votre profil et \u00e0 vos besoins. Sans cookies, les services offerts par n&#039;importe quelle page seraient consid\u00e9rablement r\u00e9duits. Si vous souhaitez consulter plus d&#039;informations sur ce que sont les cookies, ce qu&#039;ils stockent, comment les supprimer, les d\u00e9sactiver, etc., veuillez vous rendre sur ce lien. (section 2)<\/p><h3 class=\"wp-block-heading\">Cookies utilis\u00e9s sur ce site<\/h3><p>Conform\u00e9ment aux directives de l&#039;Agence espagnole de protection des donn\u00e9es, nous d\u00e9taillons l&#039;utilisation de cookies effectu\u00e9e par ce site Web afin de vous informer le plus pr\u00e9cis\u00e9ment possible.<\/p><h3 class=\"wp-block-heading\">Ce site Web utilise ses propres cookies :<\/h3><p>Cookies de session, pour garantir que les utilisateurs qui \u00e9crivent des commentaires sur votre blog sont des applications humaines et non automatis\u00e9es. C&#039;est ainsi que le spam est combattu.<\/p><h3 class=\"wp-block-heading\">Ce site Web utilise les cookies tiers suivants :<\/h3><p>Google Analytics : stocke des cookies pour pouvoir \u00e9tablir des statistiques sur le trafic et le volume de visites sur ce site Internet. En utilisant ce site Internet, vous consentez au traitement des donn\u00e9es vous concernant par Google. Par cons\u00e9quent, l\u2019exercice de tout droit \u00e0 cet \u00e9gard doit se faire en communiquant directement avec Google.<\/p><p>R\u00e9seaux sociaux : Chaque r\u00e9seau social utilise ses propres cookies afin que vous puissiez cliquer sur les boutons J&#039;aime ou Partager.<\/p><ul><li>Youtube<\/li><li>Twitter<\/li><li>Facebook<\/li><\/ul><p>De m\u00eame, il est possible que lors de la visite d&#039;une page Web ou de l&#039;ouverture d&#039;un e-mail dans lequel est publi\u00e9e une publicit\u00e9 ou une promotion concernant nos services ou produits, un cookie soit install\u00e9 dans le navigateur qui nous aide \u00e0 afficher ult\u00e9rieurement de la publicit\u00e9 li\u00e9e \u00e0 la recherche que vous avez effectu\u00e9e, d\u00e9velopper un contr\u00f4le de nos publicit\u00e9s par rapport, par exemple, au nombre de fois qu&#039;elles sont vues, \u00e0 l&#039;endroit o\u00f9 elles apparaissent, \u00e0 quelle heure elles sont vues, etc...<\/p><h3 class=\"wp-block-heading\">D\u00e9sactivation ou suppression des cookies<\/h3><p>\u00c0 tout moment, vous pouvez exercer votre droit de d\u00e9sactiver ou de supprimer les cookies de ce site Internet. Ces actions sont effectu\u00e9es diff\u00e9remment selon le navigateur que vous utilisez. Voici un guide rapide des navigateurs les plus populaires. (section 3)<\/p><h3 class=\"wp-block-heading\">Notes compl\u00e9mentaires<\/h3><p>Ni ce site Web ni ses repr\u00e9sentants l\u00e9gaux ne sont responsables du contenu ou de la v\u00e9racit\u00e9 des politiques de confidentialit\u00e9 que peuvent avoir les tiers mentionn\u00e9s dans cette politique de cookies.<\/p><p>Les navigateurs Web sont les outils charg\u00e9s de stocker les cookies et depuis ce site, vous devez exercer le droit de les supprimer ou de les d\u00e9sactiver. Ni ce site Internet ni ses repr\u00e9sentants l\u00e9gaux ne peuvent garantir le traitement correct ou incorrect des cookies par lesdits navigateurs.<\/p><p>Dans certains cas, il est n\u00e9cessaire d&#039;installer des cookies pour que le navigateur n&#039;oublie pas votre d\u00e9cision de ne pas les accepter.<\/p><p>Dans le cas des cookies Google Analytics, cette soci\u00e9t\u00e9 stocke les cookies sur des serveurs situ\u00e9s aux \u00c9tats-Unis et s&#039;engage \u00e0 ne pas les partager avec des tiers, sauf dans les cas o\u00f9 cela est n\u00e9cessaire au fonctionnement du syst\u00e8me ou lorsque la loi l&#039;exige. effet. Google Inc. est une entreprise qui r\u00e9pond aux\u00a0<a href=\"https:\/\/www.privacyshield.gov\/list\" target=\"_blank\" rel=\"noreferrer noopener nofollow\">Bouclier de confidentialit\u00e9<\/a>\u00a0, qui garantit que toutes les donn\u00e9es transf\u00e9r\u00e9es seront trait\u00e9es avec un niveau de protection conforme \u00e0 la r\u00e9glementation europ\u00e9enne. Vous pouvez consulter des informations d\u00e9taill\u00e9es sur\u00a0<a href=\"https:\/\/www.privacyshield.gov\/welcome\" target=\"_blank\" rel=\"noreferrer noopener nofollow\">ce lien<\/a>\u00a0(1). Si vous souhaitez des informations sur l&#039;utilisation que Google Analytics fait des cookies, nous joignons\u00a0<a href=\"https:\/\/developers.google.com\/analytics\/devguides\/collection\/analyticsjs\/cookie-usage?hl=es&amp;csw=1\" target=\"_blank\" rel=\"noreferrer noopener nofollow\">cet autre lien<\/a>\u00a0(2)<\/p><p>Pour toute question ou requ\u00eate concernant cette politique de cookies, n&#039;h\u00e9sitez pas \u00e0 nous contacter via la rubrique contact.<\/p><h2 class=\"wp-block-heading\">Section 2<\/h2><p>Plus d&#039;informations sur les cookies<\/p><h3 class=\"wp-block-heading\">Qu&#039;est-ce qu&#039;un cookie ?<\/h3><p>Un cookie est un fichier texte inoffensif qui est stock\u00e9 dans votre navigateur lorsque vous visitez presque n&#039;importe quelle page Web. L&#039;utilit\u00e9 des cookies est que le site Web est capable de m\u00e9moriser votre visite lorsque vous revenez sur cette page. Bien que beaucoup de gens ne le sachent pas, les cookies sont utilis\u00e9s depuis 20 ans, lorsque sont apparus les premiers navigateurs du World Wide Web.<\/p><h3 class=\"wp-block-heading\">Qu&#039;est-ce qui N&#039;EST PAS un cookie ?<\/h3><p>Ce n&#039;est ni un virus, ni un cheval de Troie, ni un ver, ni du spam, ni un logiciel espion, et il n&#039;ouvre pas non plus de fen\u00eatres pop-up.<\/p><h3 class=\"wp-block-heading\">Quelles informations un cookie stocke-t-il ?<\/h3><p>Les cookies ne stockent g\u00e9n\u00e9ralement pas d&#039;informations sensibles vous concernant, telles que des informations de carte de cr\u00e9dit ou bancaires, des photographies, votre pi\u00e8ce d&#039;identit\u00e9 ou des informations personnelles, etc. Les donn\u00e9es qu&#039;ils stockent sont de nature technique, pr\u00e9f\u00e9rences personnelles, personnalisation du contenu, etc.<\/p><p>Le serveur Web ne vous associe pas en tant que personne mais \u00e0 votre navigateur Web. En fait, si vous naviguez habituellement avec Internet Explorer et essayez de parcourir le m\u00eame site Web avec Firefox ou Chrome, vous verrez que le site Web ne se rend pas compte que vous \u00eates la m\u00eame personne car il associe en fait le navigateur et non la personne.<\/p><h3 class=\"wp-block-heading\">Quels types de cookies existent ?<\/h3><p><strong>Cookies techniques<\/strong>\u00a0: Ils sont les plus basiques et permettent, entre autres, de savoir quand un humain ou une application automatis\u00e9e navigue, quand un utilisateur anonyme et un utilisateur enregistr\u00e9 naviguent, t\u00e2ches de base pour le fonctionnement de tout site Web dynamique.<\/p><p><strong>Cookies d&#039;analyse<\/strong>\u00a0: Ils collectent des informations sur le type de navigation que vous effectuez, les rubriques que vous utilisez le plus, les produits consult\u00e9s, le fuseau horaire d&#039;utilisation, la langue, etc.<\/p><p><strong>Cookies publicitaires<\/strong>\u00a0: Ils diffusent des publicit\u00e9s en fonction de votre navigation, de votre pays d&#039;origine, de votre langue, etc.<\/p><h3 class=\"wp-block-heading\">Que sont les cookies propri\u00e9taires et tiers ?<\/h3><p>Les cookies propres sont g\u00e9n\u00e9r\u00e9s par la page que vous visitez et les cookies tiers sont ceux g\u00e9n\u00e9r\u00e9s par des services ou fournisseurs externes tels que Facebook, Twitter, Google, etc.<\/p><h3 class=\"wp-block-heading\">Que se passe-t-il si vous d\u00e9sactivez les cookies ?<\/h3><p>Afin que vous compreniez la port\u00e9e que peut avoir la d\u00e9sactivation des cookies, nous vous montrons quelques exemples :<\/p><p>Vous ne pouvez pas partager le contenu de ce site Web sur Facebook, Twitter ou tout autre r\u00e9seau social.<\/p><p>Le site Internet ne pourra pas adapter le contenu \u00e0 vos pr\u00e9f\u00e9rences personnelles, comme c&#039;est souvent le cas dans les boutiques en ligne.<\/p><p>Vous ne pourrez pas acc\u00e9der \u00e0 l&#039;espace personnel de ce site internet, tel que Mon compte, Mon profil ou Mes commandes.<\/p><p>Boutiques en ligne : Il vous sera impossible d&#039;effectuer des achats en ligne, ils devront \u00eatre effectu\u00e9s par t\u00e9l\u00e9phone ou en vous rendant en magasin physique si disponible.<\/p><p>Il ne sera pas possible de personnaliser vos pr\u00e9f\u00e9rences g\u00e9ographiques telles que le fuseau horaire, la devise ou la langue.<\/p><p>Le site Web ne sera pas en mesure d\u2019effectuer des analyses Web sur les visiteurs et le trafic sur le site Web, ce qui rendra difficile la comp\u00e9titivit\u00e9 du site Web.<\/p><p>Vous ne pourrez pas \u00e9crire sur le blog, vous ne pourrez pas t\u00e9l\u00e9charger de photos, publier des commentaires, noter ou noter du contenu. Le site Web ne pourra pas non plus savoir si vous \u00eates un humain ou une application automatis\u00e9e qui publie du spam.<\/p><p>La publicit\u00e9 sectoris\u00e9e ne peut pas \u00eatre affich\u00e9e, ce qui r\u00e9duira les revenus publicitaires du site.<\/p><p>Tous les r\u00e9seaux sociaux utilisent des cookies, si vous les d\u00e9sactivez vous ne pourrez utiliser aucun r\u00e9seau social.<\/p><h3 class=\"wp-block-heading\">Les cookies peuvent-ils \u00eatre supprim\u00e9s ?<\/h3><p>Oui, non seulement supprimer, mais aussi bloquer, de mani\u00e8re g\u00e9n\u00e9rale ou particuli\u00e8re pour un domaine sp\u00e9cifique.<\/p><p>Pour supprimer les cookies d&#039;un site Web, vous devez acc\u00e9der aux param\u00e8tres de votre navigateur et y rechercher ceux associ\u00e9s au domaine en question et proc\u00e9der \u00e0 leur suppression.<\/p><h2 class=\"wp-block-heading\">Section 3<\/h2><h3 class=\"wp-block-heading\">Param\u00e8tres des cookies pour les navigateurs les plus populaires<\/h3><p>Voici comment acc\u00e9der \u00e0 un cookie de navigateur sp\u00e9cifique\u00a0<strong>Chrome<\/strong>\u00a0.<br \/>Remarque\u00a0: Ces \u00e9tapes peuvent varier en fonction de la version du navigateur\u00a0:<\/p><ul><li>Acc\u00e9dez \u00e0 Param\u00e8tres ou Pr\u00e9f\u00e9rences via le menu Fichier ou en appuyant sur l&#039;ic\u00f4ne de personnalisation en haut \u00e0 droite.<\/li><li>Vous verrez diff\u00e9rentes sections, appuyez sur l\u2019option Afficher les options avanc\u00e9es.<\/li><li>Acc\u00e9dez \u00e0 Confidentialit\u00e9, Param\u00e8tres de contenu.<\/li><li>S\u00e9lectionnez Tous les cookies et donn\u00e9es du site.<\/li><\/ul><p>Une liste appara\u00eetra avec tous les cookies class\u00e9s par domaine. Pour vous permettre de trouver plus facilement les cookies d&#039;un domaine donn\u00e9, saisissez une partie ou la totalit\u00e9 de l&#039;adresse dans le champ Rechercher les cookies.<\/p><p>Apr\u00e8s avoir effectu\u00e9 ce filtre, une ou plusieurs lignes appara\u00eetront \u00e0 l&#039;\u00e9cran avec les cookies du site Web demand\u00e9. Il ne vous reste plus qu&#039;\u00e0 le s\u00e9lectionner et \u00e0 appuyer sur Xper pour proc\u00e9der \u00e0 sa suppression.<\/p><p>Pour acc\u00e9der aux param\u00e8tres des cookies du navigateur\u00a0<strong>Firefox<\/strong>\u00a0Suivez ces \u00e9tapes (elles peuvent varier en fonction de la version du navigateur)\u00a0:<\/p><ul><li>Acc\u00e9dez \u00e0 Options ou Pr\u00e9f\u00e9rences en fonction de votre syst\u00e8me d&#039;exploitation.<\/li><li>Cliquez sur Confidentialit\u00e9.<\/li><li>Sous Historique, choisissez Utiliser les param\u00e8tres personnalis\u00e9s pour l&#039;historique.<\/li><li>Vous verrez maintenant l&#039;option Accepter les cookies, vous pouvez l&#039;activer ou la d\u00e9sactiver selon vos pr\u00e9f\u00e9rences.<\/li><\/ul><p>Pour acc\u00e9der aux param\u00e8tres des cookies du navigateur\u00a0<strong>Safari<\/strong>\u00a0Pour OSX, suivez ces \u00e9tapes (elles peuvent varier en fonction de la version du navigateur)\u00a0:<\/p><ul><li>Allez dans Pr\u00e9f\u00e9rences, puis Confidentialit\u00e9.<\/li><li>Sur ce site, vous verrez l&#039;option Bloquer les cookies afin que vous puissiez ajuster le type de blocage que vous souhaitez effectuer.<\/li><\/ul><p>Pour acc\u00e9der aux param\u00e8tres des cookies du navigateur\u00a0<strong>Safari pour iOS<\/strong>\u00a0Suivez ces \u00e9tapes (elles peuvent varier en fonction de la version du navigateur)\u00a0:<\/p><ul><li>Allez dans Param\u00e8tres, puis Safari.<\/li><li>Allez dans Confidentialit\u00e9 et s\u00e9curit\u00e9, vous verrez l&#039;option Bloquer les cookies afin que vous puissiez ajuster le type de blocage que vous souhaitez effectuer.<\/li><\/ul><p>Pour acc\u00e9der aux param\u00e8tres des cookies du navigateur pour les appareils\u00a0<strong>Android<\/strong>\u00a0Suivez ces \u00e9tapes (elles peuvent varier en fonction de la version du navigateur)\u00a0:<\/p><ul><li>Lancez le navigateur et appuyez sur la touche Menu, puis sur Param\u00e8tres.<\/li><li>Allez dans S\u00e9curit\u00e9 et confidentialit\u00e9, vous verrez l&#039;option Accepter les cookies afin que vous puissiez activer ou d\u00e9sactiver la box.<\/li><\/ul><p>Pour acc\u00e9der aux param\u00e8tres des cookies du navigateur pour les appareils\u00a0<strong>T\u00e9l\u00e9phone Windows<\/strong>\u00a0Suivez ces \u00e9tapes (elles peuvent varier en fonction de la version du navigateur)\u00a0:<\/p><p>Ouvrez le navigateur, puis Plus, puis Param\u00e8tres<br \/>Vous pouvez maintenant cocher ou d\u00e9cocher la case Autoriser les cookies.<\/p>\t\t\t\t\t\t\t\t<\/div>\n\t\t\t\t<\/div>\n\t\t\t\t\t<\/div>\n\t\t\t\t<\/div>\n\t\t\t\t<\/div>","protected":false},"excerpt":{"rendered":"<p>Apartado 1 Una\u00a0cookie\u00a0es un peque\u00f1o archivo de texto que se almacena en su navegador cuando visita casi cualquier p\u00e1gina web.\u00a0Su utilidad es que la web sea capaz de recordar su visita cuando vuelva a navegar por esta p\u00e1gina.\u00a0Las cookies suelen almacenar informaci\u00f3n de car\u00e1cter t\u00e9cnico, preferencias personales, personalizaci\u00f3n de contenidos, estad\u00edsticas de uso, enlaces a [&hellip;]<\/p>\n","protected":false},"author":1,"featured_media":0,"parent":0,"menu_order":0,"comment_status":"closed","ping_status":"closed","template":"","meta":{"footnotes":""},"class_list":["post-894","page","type-page","status-publish","hentry"],"_links":{"self":[{"href":"https:\/\/macramebarcelona.com\/fr\/wp-json\/wp\/v2\/pages\/894","targetHints":{"allow":["GET"]}}],"collection":[{"href":"https:\/\/macramebarcelona.com\/fr\/wp-json\/wp\/v2\/pages"}],"about":[{"href":"https:\/\/macramebarcelona.com\/fr\/wp-json\/wp\/v2\/types\/page"}],"author":[{"embeddable":true,"href":"https:\/\/macramebarcelona.com\/fr\/wp-json\/wp\/v2\/users\/1"}],"replies":[{"embeddable":true,"href":"https:\/\/macramebarcelona.com\/fr\/wp-json\/wp\/v2\/comments?post=894"}],"version-history":[{"count":7,"href":"https:\/\/macramebarcelona.com\/fr\/wp-json\/wp\/v2\/pages\/894\/revisions"}],"predecessor-version":[{"id":924,"href":"https:\/\/macramebarcelona.com\/fr\/wp-json\/wp\/v2\/pages\/894\/revisions\/924"}],"wp:attachment":[{"href":"https:\/\/macramebarcelona.com\/fr\/wp-json\/wp\/v2\/media?parent=894"}],"curies":[{"name":"wp","href":"https:\/\/api.w.org\/{rel}","templated":true}]}}