{"id":896,"date":"2024-06-30T15:07:37","date_gmt":"2024-06-30T15:07:37","guid":{"rendered":"https:\/\/macramebarcelona.com\/?page_id=896"},"modified":"2024-06-30T17:39:18","modified_gmt":"2024-06-30T17:39:18","slug":"declaracion-de-accesibilidad","status":"publish","type":"page","link":"https:\/\/macramebarcelona.com\/fr\/declaracion-de-accesibilidad\/","title":{"rendered":"D\u00e9claration d&#039;accessibilit\u00e9"},"content":{"rendered":"<style>.elementor-896 .elementor-element.elementor-element-939ec87{--display:flex;--flex-direction:row;--container-widget-width:calc( ( 1 - var( --container-widget-flex-grow ) ) * 100% );--container-widget-height:100%;--container-widget-flex-grow:1;--container-widget-align-self:stretch;--flex-wrap-mobile:wrap;--justify-content:center;--align-items:center;--overlay-opacity:0.2;--padding-top:70px;--padding-bottom:70px;--padding-left:0px;--padding-right:0px;}.elementor-896 .elementor-element.elementor-element-939ec87:not(.elementor-motion-effects-element-type-background), .elementor-896 .elementor-element.elementor-element-939ec87 > .elementor-motion-effects-container > .elementor-motion-effects-layer{background-color:transparent;background-image:linear-gradient(200deg, var( --e-global-color-secondary ) 0%, var( --e-global-color-text ) 80%);}.elementor-896 .elementor-element.elementor-element-939ec87::before, .elementor-896 .elementor-element.elementor-element-939ec87 > .elementor-background-video-container::before, .elementor-896 .elementor-element.elementor-element-939ec87 > .e-con-inner > .elementor-background-video-container::before, .elementor-896 .elementor-element.elementor-element-939ec87 > .elementor-background-slideshow::before, .elementor-896 .elementor-element.elementor-element-939ec87 > .e-con-inner > .elementor-background-slideshow::before, .elementor-896 .elementor-element.elementor-element-939ec87 > .elementor-motion-effects-container > .elementor-motion-effects-layer::before{--background-overlay:'';}.elementor-896 .elementor-element.elementor-element-ef1a7c9{--display:flex;--justify-content:center;--align-items:flex-start;--container-widget-width:calc( ( 1 - var( --container-widget-flex-grow ) ) * 100% );}.elementor-896 .elementor-element.elementor-element-7336f81{text-align:start;width:var( --container-widget-width, 100% );max-width:100%;--container-widget-width:100%;--container-widget-flex-grow:0;}.elementor-896 .elementor-element.elementor-element-7336f81 .elementor-heading-title{font-family:var( --e-global-typography-4353ebc-font-family ), Sans-serif;font-size:var( --e-global-typography-4353ebc-font-size );font-weight:var( --e-global-typography-4353ebc-font-weight );text-transform:var( --e-global-typography-4353ebc-text-transform );line-height:var( --e-global-typography-4353ebc-line-height );letter-spacing:var( --e-global-typography-4353ebc-letter-spacing );word-spacing:var( --e-global-typography-4353ebc-word-spacing );color:var( --e-global-color-accent );}.elementor-896 .elementor-element.elementor-element-7336f81 > .elementor-widget-container{margin:0px 0px 0px 0px;padding:0px 0px 0px 0px;}.elementor-896 .elementor-element.elementor-element-c10ce58{--display:flex;}.elementor-896 .elementor-element.elementor-element-aef12c1 > .elementor-widget-container{margin:50px 0px 50px 0px;}@media(max-width:1024px){.elementor-896 .elementor-element.elementor-element-939ec87{--padding-top:50px;--padding-bottom:50px;--padding-left:20px;--padding-right:20px;}.elementor-896 .elementor-element.elementor-element-7336f81 .elementor-heading-title{font-size:var( --e-global-typography-4353ebc-font-size );line-height:var( --e-global-typography-4353ebc-line-height );letter-spacing:var( --e-global-typography-4353ebc-letter-spacing );word-spacing:var( --e-global-typography-4353ebc-word-spacing );}.elementor-896 .elementor-element.elementor-element-aef12c1 > .elementor-widget-container{margin:50px 20px 50px 20px;}}@media(max-width:767px){.elementor-896 .elementor-element.elementor-element-939ec87{--padding-top:50px;--padding-bottom:50px;--padding-left:20px;--padding-right:20px;}.elementor-896 .elementor-element.elementor-element-ef1a7c9{--align-items:center;--container-widget-width:calc( ( 1 - var( --container-widget-flex-grow ) ) * 100% );}.elementor-896 .elementor-element.elementor-element-7336f81{text-align:start;}.elementor-896 .elementor-element.elementor-element-7336f81 .elementor-heading-title{font-size:var( --e-global-typography-4353ebc-font-size );line-height:var( --e-global-typography-4353ebc-line-height );letter-spacing:var( --e-global-typography-4353ebc-letter-spacing );word-spacing:var( --e-global-typography-4353ebc-word-spacing );}}<\/style>\t\t<div data-elementor-type=\"wp-page\" data-elementor-id=\"896\" class=\"elementor elementor-896\" data-elementor-post-type=\"page\">\n\t\t\t\t<div class=\"elementor-element elementor-element-939ec87 e-flex e-con-boxed e-con e-parent\" data-id=\"939ec87\" data-element_type=\"container\" data-e-type=\"container\" data-settings=\"{&quot;background_background&quot;:&quot;gradient&quot;}\">\n\t\t\t\t\t<div class=\"e-con-inner\">\n\t\t<div class=\"elementor-element elementor-element-ef1a7c9 e-flex e-con-boxed elementor-invisible e-con e-child\" data-id=\"ef1a7c9\" data-element_type=\"container\" data-e-type=\"container\" data-settings=\"{&quot;animation&quot;:&quot;fadeInUp&quot;,&quot;animation_delay&quot;:200}\">\n\t\t\t\t\t<div class=\"e-con-inner\">\n\t\t\t\t<div class=\"elementor-element elementor-element-7336f81 elementor-widget__width-initial elementor-widget elementor-widget-heading\" data-id=\"7336f81\" data-element_type=\"widget\" data-e-type=\"widget\" data-widget_type=\"heading.default\">\n\t\t\t\t<div class=\"elementor-widget-container\">\n\t\t\t\t\t<h1 class=\"elementor-heading-title elementor-size-default\">D\u00e9claration d&#039;accessibilit\u00e9<\/h1>\t\t\t\t<\/div>\n\t\t\t\t<\/div>\n\t\t\t\t\t<\/div>\n\t\t\t\t<\/div>\n\t\t\t\t\t<\/div>\n\t\t\t\t<\/div>\n\t\t<div class=\"elementor-element elementor-element-c10ce58 e-flex e-con-boxed e-con e-parent\" data-id=\"c10ce58\" data-element_type=\"container\" data-e-type=\"container\">\n\t\t\t\t\t<div class=\"e-con-inner\">\n\t\t\t\t<div class=\"elementor-element elementor-element-aef12c1 elementor-widget elementor-widget-text-editor\" data-id=\"aef12c1\" data-element_type=\"widget\" data-e-type=\"widget\" data-widget_type=\"text-editor.default\">\n\t\t\t\t<div class=\"elementor-widget-container\">\n\t\t\t\t\t\t\t\t\t<p>CATHY DUPRE s&#039;engage \u00e0 rendre accessible son site Internet, conform\u00e9ment au d\u00e9cret royal 1112\/2018 du 7 septembre relatif \u00e0 l&#039;accessibilit\u00e9 des sites Internet et des applications pour les appareils mobiles du secteur public. Cette d\u00e9claration d&#039;accessibilit\u00e9 s&#039;applique \u00e0 ce site Web.<\/p><h2 class=\"wp-block-heading\">Statut de conformit\u00e9<\/h2><p>Ce site Web est d\u00e9velopp\u00e9 conform\u00e9ment au RD 1112\/2018<\/p><h2 class=\"wp-block-heading\">Pr\u00e9paration de la prochaine d\u00e9claration d&#039;accessibilit\u00e9<\/h2><p>Cette d\u00e9claration a \u00e9t\u00e9 pr\u00e9par\u00e9e le 20 mai 2023.<\/p><p>La m\u00e9thode utilis\u00e9e pour pr\u00e9parer la d\u00e9claration a \u00e9t\u00e9 une auto-\u00e9valuation.<\/p><h2 class=\"wp-block-heading\">Contenu facultatif<\/h2><p>Vous pouvez effectuer des communications sur les exigences d&#039;accessibilit\u00e9 (article 10.2.a de l&#039;AR 1112\/2018) telles que\u00a0:<\/p><ul><li>Signaler toute violation \u00e9ventuelle de ce site Web<\/li><li>Transmettre d&#039;autres difficult\u00e9s d&#039;acc\u00e8s au contenu<\/li><li>Formuler toute autre question ou suggestion d&#039;am\u00e9lioration concernant l&#039;accessibilit\u00e9 du site Internet via le\u00a0<a href=\"\/fr\/contacto\/\">Formulaire de contact<\/a> depuis ce site Web ou via le num\u00e9ro de t\u00e9l\u00e9phone : 618064532<\/li><\/ul><p>Vous pouvez pr\u00e9senter :<\/p><ul><li>Plainte concernant le respect des exigences du RD 1112\/2018<\/li><li>Demande d\u2019informations accessibles concernant :<ul><li>Contenus exclus du champ d&#039;application du RD 1112\/2018 conform\u00e9ment \u00e0 ce qui est \u00e9tabli \u00e0 l&#039;article 3, section 4<\/li><li>Contenu exempt\u00e9 du respect des exigences en mati\u00e8re d&#039;accessibilit\u00e9 pour imposer une charge disproportionn\u00e9e<\/li><li>Dans la Demande d&#039;information accessible, les faits, les motifs et la demande doivent \u00eatre clairement pr\u00e9cis\u00e9s, permettant de v\u00e9rifier qu&#039;il s&#039;agit d&#039;une demande raisonnable et l\u00e9gitime.<\/li><\/ul><\/li><\/ul><p>Les plaintes et r\u00e9clamations concernant les informations accessibles seront d\u00e9pos\u00e9es via le si\u00e8ge \u00e9lectronique (<a href=\"https:\/\/sede.red.gob.es\/procedimientos\/quejas-y-sugerencias\" target=\"_blank\" rel=\"noreferrer noopener nofollow\">https:\/\/sede.red.gob.es\/procedimientos\/quejas-y-sugerencias<\/a>), et seront re\u00e7us et trait\u00e9s par la zone Syst\u00e8mes d&#039;Information de Red.es.<\/p><h2 class=\"wp-block-heading\">Observations et coordonn\u00e9es<\/h2><ul><li>Si vous souhaitez modifier la taille de la police du texte dans les principaux navigateurs graphiques, utilisez les menus suivants :<\/li><li>Safari\u00a0:\u00a0Affichage\u00a0&gt; Agrandir le texte<\/li><li>Chrome\u00a0:\u00a0Contr\u00f4ler la page actuelle\u00a0&gt; Taille du texte<\/li><\/ul><p>Pour tout redimensionner sur la page\u00a0:<\/p><ul><li>Ctrl++ pour l&#039;augmenter<\/li><li>Ctrl + \u2013 pour le diminuer<\/li><li>Ctrl + 0 restaure la taille du texte d&#039;origine<\/li><li>Si vous souhaitez remplacer la feuille de style ou modifier la couleur du texte, vous pouvez consulter la page Comment changer la taille ou les couleurs du texte du WAI, qui peut \u00eatre lue traduite en espagnol dans Comment changer la taille ou les couleurs du texte ?<\/li><\/ul>\t\t\t\t\t\t\t\t<\/div>\n\t\t\t\t<\/div>\n\t\t\t\t\t<\/div>\n\t\t\t\t<\/div>\n\t\t\t\t<\/div>","protected":false},"excerpt":{"rendered":"<p>CATHY DUPRE se ha comprometido a hacer accesible su sitio web, de conformidad con el Real Decreto 1112\/2018, de 7 de septiembre, sobre accesibilidad de los sitios web y aplicaciones para dispositivos m\u00f3viles del sector p\u00fablico. Esta declaraci\u00f3n de accesibilidad se aplica a esta web. Situaci\u00f3n de cumplimiento Este sitio web est\u00e1 desarrollado de acuerdo [&hellip;]<\/p>\n","protected":false},"author":1,"featured_media":0,"parent":0,"menu_order":0,"comment_status":"closed","ping_status":"closed","template":"","meta":{"footnotes":""},"class_list":["post-896","page","type-page","status-publish","hentry"],"_links":{"self":[{"href":"https:\/\/macramebarcelona.com\/fr\/wp-json\/wp\/v2\/pages\/896","targetHints":{"allow":["GET"]}}],"collection":[{"href":"https:\/\/macramebarcelona.com\/fr\/wp-json\/wp\/v2\/pages"}],"about":[{"href":"https:\/\/macramebarcelona.com\/fr\/wp-json\/wp\/v2\/types\/page"}],"author":[{"embeddable":true,"href":"https:\/\/macramebarcelona.com\/fr\/wp-json\/wp\/v2\/users\/1"}],"replies":[{"embeddable":true,"href":"https:\/\/macramebarcelona.com\/fr\/wp-json\/wp\/v2\/comments?post=896"}],"version-history":[{"count":7,"href":"https:\/\/macramebarcelona.com\/fr\/wp-json\/wp\/v2\/pages\/896\/revisions"}],"predecessor-version":[{"id":927,"href":"https:\/\/macramebarcelona.com\/fr\/wp-json\/wp\/v2\/pages\/896\/revisions\/927"}],"wp:attachment":[{"href":"https:\/\/macramebarcelona.com\/fr\/wp-json\/wp\/v2\/media?parent=896"}],"curies":[{"name":"wp","href":"https:\/\/api.w.org\/{rel}","templated":true}]}}